{"id":4085,"date":"2026-04-13T15:47:25","date_gmt":"2026-04-13T14:47:25","guid":{"rendered":"https:\/\/www.nutztiergesundheit-schweiz.ch\/?page_id=4085"},"modified":"2026-04-16T14:51:39","modified_gmt":"2026-04-16T13:51:39","slug":"it-systeme-und-datenschutz-im-bereich-tiergesundheit","status":"publish","type":"page","link":"https:\/\/www.nutztiergesundheit-schweiz.ch\/fr\/kin\/systemes-informatique-dans-la-domaine-de-la-sante-animale\/","title":{"rendered":"Syst\u00e8mes  informatique dans la domaine de la sant\u00e9 animale"},"content":{"rendered":"<h1>IT-Systeme im Bereich Nutztiergesundheit<\/h1>\n<p><p>\n        <a href=\"#inhalt\">Mehr erfahren<\/a>\n    <\/p>\n<\/p>\n<ul>\n<li>\n<div>\n<p>Eine erste \u00dcbersicht der bestehenden IT-Systeme im Bereich Nutztiergesundheit wurde erstellt. Sie zeigt, wo derzeit<em>1<\/em> Daten zur Nutztiergesundheit dokumentiert werden. Die IT-Systemlandschaft ist \u00c4nderungen unterworfen, so zum Beispiel durch Neuerungen oder der Vereinigung verschiedener Applikationen zu einem gemeinsamen System.<\/p>\n<p>Die \u00dcbersicht steht im Einklang mit der Digitalisierungsstrategie des Bundesamts f\u00fcr Landwirtschaft BLW, denn die Angaben wurden in Zusammenarbeit mit dem BLW in die DigiAgriFoodCH Systemlandkarte eingef\u00fcgt:<\/p>\n<\/div>\n<\/li>\n<li>\n<div>\n<ul>\n<li><a href=\"https:\/\/blw-ofag-ufag.github.io\/system-map\/index.html?lang=de&amp;subgraph=SH7U7SUsgqWmNqXA5\" data-wplink-edit=\"true\">Hier zur Systemlandschaft Nutztiergesundheit<\/a><\/li>\n<li><a href=\"https:\/\/linkprotect.cudasvc.com\/url?a=https%3a%2f%2fblw-ofag-ufag.github.io%2fsystem-map%2findex.html%3flang%3dde&amp;c=E,1,ytY_w5dJcCKyxIGH58R82Uxj40WZuiLU77_JOLCoX8DhcN1fRFFJf09rwxhrC3yvwZtCzchCrX5L0w_vMpOxAnp3m2aIyB_lGlnZEJeGwYxg4lsY4jCYNhw,&amp;typo=1\">Hier zur gesamten Systemlandkarte<\/a><\/li>\n<\/ul>\n<\/p>\n<p style=\"padding-left: 240px;\">[1 Stand M\u00e4rz 2026]<\/p>\n<\/div>\n<\/li>\n<\/ul>\n<p><!--more--><br \/>\n<!-- {\"type\":\"layout\",\"children\":[{\"name\":\"Hero - Unterseite\",\"type\":\"section\",\"props\":{\"animation\":\"slide-bottom-medium\",\"animation_delay\":\"200\",\"header_transparent\":false,\"header_transparent_noplaceholder\":true,\"header_transparent_text_color\":\"light\",\"height\":\"viewport\",\"height_viewport\":50,\"id\":\"hero\",\"image\":\"wp-content\/uploads\/2026\/01\/shutterstock_2527743003.jpg\",\"image_loading\":true,\"image_parallax_bgy\":\"170,0\",\"image_position\":\"center-center\",\"image_size\":\"cover\",\"media_overlay\":\"rgba(0, 0, 0, 0.2)\",\"overlap\":true,\"style\":\"default\",\"title_breakpoint\":\"xl\",\"title_position\":\"top-left\",\"title_rotation\":\"left\",\"vertical_align\":\"middle\",\"width\":\"default\"},\"children\":[{\"type\":\"row\",\"props\":{\"margin_bottom\":\"remove\",\"margin_top\":\"medium\"},\"children\":[{\"type\":\"column\",\"props\":{\"image_height\":\"220\",\"image_parallax_bgy\":\"230,0\",\"image_position\":\"bottom-right\",\"image_width\":\"220\",\"position_sticky_breakpoint\":\"m\",\"text_color\":\"light\",\"width_medium\":\"1-1\"},\"children\":[{\"type\":\"headline\",\"props\":{\"content\":\"IT-Systeme im Bereich Nutztiergesundheit\",\"content_fr_fr\":\"Syst\u00e8mes informatique dans la domaine de la sant\u00e9 animale\",\"image_align\":\"left\",\"image_margin\":\"xsmall\",\"text_align\":\"center\",\"title_element\":\"h1\",\"title_style\":\"heading-medium\"}},{\"type\":\"button\",\"props\":{\"fullwidth\":false,\"grid_column_gap\":\"small\",\"grid_row_gap\":\"small\",\"margin_bottom\":\"default\",\"margin_top\":\"default\",\"text_align\":\"center\"},\"children\":[{\"type\":\"button_item\",\"props\":{\"button_style\":\"primary\",\"content\":\"Mehr erfahren\",\"content_fr_fr\":\"savoir plus\",\"dialog_layout\":\"modal\",\"dialog_offcanvas_flip\":true,\"icon\":\"arrow-down\",\"icon_align\":\"left\",\"link\":\"#inhalt\"}}]}]}]}]},{\"name\":\"Tools\",\"type\":\"section\",\"props\":{\"animation\":\"slide-bottom-medium\",\"animation_delay\":\"200\",\"id\":\"inhalt\",\"image_position\":\"center-center\",\"padding_bottom\":\"large\",\"padding_top\":\"large\",\"style\":\"default\",\"title_breakpoint\":\"xl\",\"title_position\":\"top-left\",\"title_rotation\":\"left\",\"vertical_align\":\"\",\"width\":\"default\"},\"children\":[{\"type\":\"row\",\"children\":[{\"type\":\"column\",\"props\":{\"image_position\":\"center-center\",\"position_sticky_breakpoint\":\"m\",\"width_medium\":\"1-1\"},\"children\":[{\"type\":\"grid\",\"props\":{\"animation\":\"slide-bottom-small\",\"content_column_breakpoint\":\"m\",\"filter_align\":\"left\",\"filter_all\":true,\"filter_grid_breakpoint\":\"m\",\"filter_grid_width\":\"auto\",\"filter_position\":\"top\",\"filter_style\":\"tab\",\"grid_column_gap\":\"large\",\"grid_default\":\"1\",\"grid_divider\":false,\"grid_medium\":\"\",\"grid_row_gap\":\"large\",\"grid_small\":\"2\",\"image_align\":\"top\",\"image_grid_breakpoint\":\"m\",\"image_grid_width\":\"1-2\",\"image_svg_animate\":true,\"image_svg_color\":\"secondary\",\"image_svg_inline\":true,\"item_animation\":true,\"lightbox_bg_close\":true,\"link_style\":\"default\",\"link_text\":\"Read more\",\"margin_bottom\":\"default\",\"margin_top\":\"default\",\"meta_align\":\"below-title\",\"meta_element\":\"div\",\"meta_style\":\"text-meta\",\"parallax_easing\":\"1\",\"show_content\":true,\"show_hover_image\":true,\"show_hover_video\":true,\"show_image\":true,\"show_link\":true,\"show_meta\":true,\"show_title\":true,\"show_video\":true,\"text_align\":\"left\",\"text_align_breakpoint\":\"m\",\"text_align_fallback\":\"center\",\"title_align\":\"top\",\"title_element\":\"h3\",\"title_grid_breakpoint\":\"m\",\"title_grid_width\":\"1-2\",\"title_hover_style\":\"reset\"},\"children\":[{\"type\":\"grid_item\",\"props\":{\"content\":\"\n\n<p>Eine erste \u00dcbersicht der bestehenden IT-Systeme im Bereich Nutztiergesundheit wurde erstellt. Sie zeigt, wo derzeit<em>1<\/em> Daten zur Nutztiergesundheit dokumentiert werden. Die IT-Systemlandschaft ist \u00c4nderungen unterworfen, so zum Beispiel durch Neuerungen oder der Vereinigung verschiedener Applikationen zu einem gemeinsamen System.<\/p>\n\n\\n\n\n<p>Die \u00dcbersicht steht im Einklang mit der Digitalisierungsstrategie des Bundesamts f\u00fcr Landwirtschaft BLW, denn die Angaben wurden in Zusammenarbeit mit dem BLW in die DigiAgriFoodCH Systemlandkarte eingef\u00fcgt:<\/p>\n\n\",\"content_fr_fr\":\"\n\n<p data-start=\\\"0\\\" data-end=\\\"396\\\">Une premi\u00e8re vue d\u2019ensemble des syst\u00e8mes informatiques existants dans le domaine de la sant\u00e9 des animaux de rente a \u00e9t\u00e9 \u00e9tablie. Elle montre o\u00f9 les donn\u00e9es relatives \u00e0 la sant\u00e9 des animaux de rente sont actuellement document\u00e9es. Le paysage des syst\u00e8mes informatiques est sujet \u00e0 des \u00e9volutions, par exemple en raison d\u2019innovations ou de la fusion de diff\u00e9rentes applications en un syst\u00e8me commun.<\/p>\n\n\\n\n\n<p data-start=\\\"398\\\" data-end=\\\"627\\\" data-is-last-node=\\\"\\\" data-is-only-node=\\\"\\\">Cette vue d\u2019ensemble est conforme \u00e0 la strat\u00e9gie de num\u00e9risation de l\u2019Office f\u00e9d\u00e9ral de l\u2019agriculture (OFAG), car les informations ont \u00e9t\u00e9 int\u00e9gr\u00e9es, en collaboration avec l\u2019OFAG, dans la cartographie des syst\u00e8mes DigiAgriFoodCH:<\/p>\n\n\",\"image\":\"\",\"title\":\"\"}},{\"type\":\"grid_item\",\"props\":{\"content\":\"\n\n<ul>\\n\n\n<li><a href=\\\"https:\/\/blw-ofag-ufag.github.io\/system-map\/index.html?lang=de&amp;subgraph=SH7U7SUsgqWmNqXA5\\\" data-wplink-edit=\\\"true\\\">Hier zur Systemlandschaft Nutztiergesundheit<\/a><\/li>\n\n\\n\n\n<li><a href=\\\"https:\/\/linkprotect.cudasvc.com\/url?a=https%3a%2f%2fblw-ofag-ufag.github.io%2fsystem-map%2findex.html%3flang%3dde&amp;c=E,1,ytY_w5dJcCKyxIGH58R82Uxj40WZuiLU77_JOLCoX8DhcN1fRFFJf09rwxhrC3yvwZtCzchCrX5L0w_vMpOxAnp3m2aIyB_lGlnZEJeGwYxg4lsY4jCYNhw,&amp;typo=1\\\">Hier zur gesamten Systemlandkarte<\/a><\/li>\n\n\\n<\/ul>\n\n\\n\n\n\n\n\\n\n\n\n\n\\n\n\n<p style=\\\"padding-left: 240px;\\\">[1 Stand M\u00e4rz 2026]<\/p>\n\n\",\"content_fr_fr\":\"\n\n<ul>\\n\n\n<li><a href=\\\"https:\/\/blw-ofag-ufag.github.io\/system-map\/index.html?lang=fr&amp;subgraph=SH7U7SUsgqWmNqXA5\\\">Voici le paysage des syst\u00e8mes pour la sant\u00e9 des animaux de rente<\/a><\/li>\n\n\\n\n\n<li><a href=\\\"https:\/\/blw-ofag-ufag.github.io\/system-map\/index.html?lang=fr\\\">Voici la cartographie compl\u00e8te des syst\u00e8mes<\/a><\/li>\n\n\\n<\/ul>\n\n\\n\n\n<p data-start=\\\"114\\\" data-end=\\\"134\\\" data-is-last-node=\\\"\\\" data-is-only-node=\\\"\\\" style=\\\"padding-left: 240px;\\\">[1 \u00c9tat : mars 2026]<\/p>\n\n\",\"image\":\"\",\"title\":\"\"}}]}]}]}]}],\"version\":\"5.0.25\"} --><\/p>\n","protected":false},"excerpt":{"rendered":"<p>IT-Systeme im Bereich Nutztiergesundheit Mehr erfahren Eine erste \u00dcbersicht der bestehenden IT-Systeme im Bereich Nutztiergesundheit wurde erstellt. Sie zeigt, wo derzeit1 Daten zur Nutztiergesundheit dokumentiert werden. Die IT-Systemlandschaft ist \u00c4nderungen unterworfen, so zum Beispiel durch Neuerungen oder der Vereinigung verschiedener Applikationen zu einem gemeinsamen System. Die \u00dcbersicht steht im Einklang mit der Digitalisierungsstrategie des Bundesamts [&hellip;]<\/p>\n","protected":false},"author":4,"featured_media":0,"parent":2935,"menu_order":0,"comment_status":"closed","ping_status":"closed","template":"","meta":{"_acf_changed":false,"footnotes":""},"class_list":["post-4085","page","type-page","status-publish","hentry"],"acf":[],"_links":{"self":[{"href":"https:\/\/www.nutztiergesundheit-schweiz.ch\/fr\/wp-json\/wp\/v2\/pages\/4085","targetHints":{"allow":["GET"]}}],"collection":[{"href":"https:\/\/www.nutztiergesundheit-schweiz.ch\/fr\/wp-json\/wp\/v2\/pages"}],"about":[{"href":"https:\/\/www.nutztiergesundheit-schweiz.ch\/fr\/wp-json\/wp\/v2\/types\/page"}],"author":[{"embeddable":true,"href":"https:\/\/www.nutztiergesundheit-schweiz.ch\/fr\/wp-json\/wp\/v2\/users\/4"}],"replies":[{"embeddable":true,"href":"https:\/\/www.nutztiergesundheit-schweiz.ch\/fr\/wp-json\/wp\/v2\/comments?post=4085"}],"version-history":[{"count":17,"href":"https:\/\/www.nutztiergesundheit-schweiz.ch\/fr\/wp-json\/wp\/v2\/pages\/4085\/revisions"}],"predecessor-version":[{"id":4105,"href":"https:\/\/www.nutztiergesundheit-schweiz.ch\/fr\/wp-json\/wp\/v2\/pages\/4085\/revisions\/4105"}],"up":[{"embeddable":true,"href":"https:\/\/www.nutztiergesundheit-schweiz.ch\/fr\/wp-json\/wp\/v2\/pages\/2935"}],"wp:attachment":[{"href":"https:\/\/www.nutztiergesundheit-schweiz.ch\/fr\/wp-json\/wp\/v2\/media?parent=4085"}],"curies":[{"name":"wp","href":"https:\/\/api.w.org\/{rel}","templated":true}]}}