{"id":2935,"date":"2025-12-09T15:09:25","date_gmt":"2025-12-09T14:09:25","guid":{"rendered":"https:\/\/www.nutztiergesundheit-schweiz.ch\/?page_id=2935"},"modified":"2026-04-16T13:12:58","modified_gmt":"2026-04-16T12:12:58","slug":"kin","status":"publish","type":"page","link":"https:\/\/www.nutztiergesundheit-schweiz.ch\/fr\/kin\/","title":{"rendered":"KIN-TG"},"content":{"rendered":"<h1>KIN<\/h1>\n<div>\n<p><strong>Kompetenz- und Innovationsnetzwerk<\/strong><\/p>\n<\/div>\n<div>\n<p><strong>Gemeinsam f\u00fcr eine gesunde und nachhaltige Tierhaltung<\/strong><\/p>\n<p>Die Tiergesundheit ist ein zentraler Faktor f\u00fcr Tierwohl, nachhaltige Landwirtschaft und sichere Lebensmittel. Gleichzeitig ist viel Wissen vorhanden \u2013 doch es wird noch zu wenig vernetzt und in die Praxis gebracht.<\/p>\n<p><strong>NTGS<\/strong> baut deshalb das nationale <strong>Kompetenz- und Innovationsnetzwerk Tiergesundheit (KIN TG)<\/strong> auf. Das Netzwerk verbindet Forschung, Praxis sowie \u00f6ffentliche und private Akteure und sorgt daf\u00fcr, dass Wissen, Innovationen und neue Technologien wirksam genutzt werden.<\/p>\n<p><strong>Unsere Ziele<\/strong><\/p>\n<ul>\n<li>Tiergesundheit und Tierwohl st\u00e4rken<\/li>\n<li>Nachhaltige und ressourcenschonende Tierhaltung f\u00f6rdern<\/li>\n<li>Innovationen und Digitalisierung in die Praxis bringen<\/li>\n<li>Wettbewerbsf\u00e4higkeit der Schweizer Tierhaltung sichern<\/li>\n<\/ul>\n<p><strong>Unser Ansatz<\/strong><\/p>\n<p>Das KIN TG koordiniert Wissen, vernetzt Akteure und unterst\u00fctzt die Umsetzung von L\u00f6sungen entlang der gesamten Wertsch\u00f6pfungskette \u2013 von der Tierhaltung bis zu den Konsumierenden.<\/p>\n<\/p>\n<p><strong>Gemeinsam mehr erreichen<\/strong><\/p>\n<p>In einer Aufbauphase werden die Bed\u00fcrfnisse der Branche ermittelt und die Grundlagen f\u00fcr ein starkes Netzwerk geschaffen. Gemeinsam mit unseren Partnern gestalten wir die Zukunft der Tiergesundheit in der Schweiz.<\/p>\n<\/p>\n<p><strong>Gestalten Sie die Zukunft der Tiergesundheit mit \u2013 werden Sie Teil des Kompetenz- und Innovationsnetzwerks Tiergesundheit.<\/strong><\/p>\n<\/div>\n<ul>\n<li>\n<p>        <img decoding=\"async\" src=\"\/wp-content\/uploads\/2026\/01\/shutterstock_1630887781-Bild-KIN.png\" alt=\"\"><\/p>\n<h3>Netzwerkplattformen<\/h3>\n<div>\n<p><span>Tierartspezifische Netzwerkplattformen \u00a0f\u00fcr den Wissenstransfer.<\/span><\/p>\n<p><span data-teams=\"true\">\u00a0<\/span><\/p>\n<\/div>\n<\/li>\n<li>\n<p>        <img decoding=\"async\" src=\"\/wp-content\/uploads\/2026\/01\/shutterstock_2527743003.jpg\" alt=\"\"><\/p>\n<h3>IT-Systeme und Datenschutz im Bereich Tiergesundheit<\/h3>\n<div>\n<ul>\n<li><span>Mapping der bestehenden IT-Systeme<\/span><\/li>\n<li><span> Datenschutzanforderungen<\/span><\/li>\n<li><span>Dies erfolgt in enger Zusammenarbeit mit der Initiative DIGIAGRIFOOD (BLW) sowie im Einklang mit der Digitalisierungsstrategie des BLWs.<\/span><\/li>\n<\/ul>\n<\/div>\n<p><a href=\"\/kin\/it-systeme-und-datenschutz-im-bereich-tiergesundheit\/\"><\/a><\/p>\n<\/li>\n<li>\n<p>        <img decoding=\"async\" src=\"\/wp-content\/uploads\/2026\/01\/shutterstock_2505565311.jpg\" alt=\"\"><\/p>\n<h3>Biosicherheitswissenstransfer und Implementierung<\/h3>\n<\/li>\n<\/ul>\n<p><!--more--><br \/>\n<!-- {\"type\":\"layout\",\"children\":[{\"name\":\"Hero - Unterseite\",\"type\":\"section\",\"props\":{\"animation\":\"slide-bottom-medium\",\"animation_delay\":\"200\",\"header_transparent\":false,\"header_transparent_noplaceholder\":true,\"header_transparent_text_color\":\"light\",\"height\":\"viewport\",\"height_viewport\":50,\"id\":\"hero\",\"image\":\"wp-content\/uploads\/2025\/11\/AdobeStock_139821961-Slider.jpg\",\"image_loading\":true,\"image_parallax_bgy\":\"170,0\",\"image_position\":\"center-center\",\"image_size\":\"cover\",\"media_overlay\":\"rgba(0, 0, 0, 0.2)\",\"overlap\":true,\"style\":\"default\",\"title_breakpoint\":\"xl\",\"title_position\":\"top-left\",\"title_rotation\":\"left\",\"vertical_align\":\"middle\",\"width\":\"default\"},\"children\":[{\"type\":\"row\",\"props\":{\"margin_bottom\":\"remove\",\"margin_top\":\"medium\"},\"children\":[{\"type\":\"column\",\"props\":{\"image_height\":\"220\",\"image_parallax_bgy\":\"230,0\",\"image_position\":\"bottom-right\",\"image_width\":\"220\",\"position_sticky_breakpoint\":\"m\",\"text_color\":\"light\",\"width_medium\":\"1-1\"},\"children\":[{\"type\":\"headline\",\"props\":{\"content\":\"KIN\",\"image_align\":\"left\",\"image_margin\":\"xsmall\",\"text_align\":\"center\",\"title_element\":\"h1\",\"title_style\":\"heading-medium\"}},{\"type\":\"text\",\"props\":{\"block_align\":\"center\",\"column_breakpoint\":\"m\",\"content\":\"\n\n<p><strong>Kompetenz- und Innovationsnetzwerk<\/strong><\/p>\n\n\",\"content_fr_fr\":\"\n\n<p><strong>R\u00e9seau de Comp\u00e9tences et d\u2019Innovation en Sant\u00e9 Animale\u00a0(RCI SA)<\/strong><\/p>\n\n\",\"margin_bottom\":\"medium\",\"margin_top\":\"medium\",\"maxwidth\":\"2xlarge\",\"text_align\":\"center\",\"text_color\":\"emphasis\",\"text_style\":\"lead\"}}]}]}]},{\"type\":\"section\",\"props\":{\"image_position\":\"center-center\",\"style\":\"default\",\"title_breakpoint\":\"xl\",\"title_position\":\"top-left\",\"title_rotation\":\"left\",\"vertical_align\":\"middle\",\"width\":\"default\"},\"children\":[{\"type\":\"row\",\"children\":[{\"type\":\"column\",\"props\":{\"image_position\":\"center-center\",\"position_sticky_breakpoint\":\"m\"},\"children\":[{\"type\":\"text\",\"props\":{\"column_breakpoint\":\"m\",\"content\":\"\n\n<p><strong>Gemeinsam f\u00fcr eine gesunde und nachhaltige Tierhaltung<\/strong><\/p>\n\n\\n\n\n<p>Die Tiergesundheit ist ein zentraler Faktor f\u00fcr Tierwohl, nachhaltige Landwirtschaft und sichere Lebensmittel. Gleichzeitig ist viel Wissen vorhanden \u2013 doch es wird noch zu wenig vernetzt und in die Praxis gebracht.<\/p>\n\n\\n\n\n<p><strong>NTGS<\/strong> baut deshalb das nationale <strong>Kompetenz- und Innovationsnetzwerk Tiergesundheit (KIN TG)<\/strong> auf. Das Netzwerk verbindet Forschung, Praxis sowie \u00f6ffentliche und private Akteure und sorgt daf\u00fcr, dass Wissen, Innovationen und neue Technologien wirksam genutzt werden.<\/p>\n\n\\n\n\n<p><strong>Unsere Ziele<\/strong><\/p>\n\n\\n\n\n<ul>\\n\n\n<li>Tiergesundheit und Tierwohl st\u00e4rken<\/li>\n\n\\n\n\n<li>Nachhaltige und ressourcenschonende Tierhaltung f\u00f6rdern<\/li>\n\n\\n\n\n<li>Innovationen und Digitalisierung in die Praxis bringen<\/li>\n\n\\n\n\n<li>Wettbewerbsf\u00e4higkeit der Schweizer Tierhaltung sichern<\/li>\n\n\\n<\/ul>\n\n\\n\n\n<p><strong>Unser Ansatz<\/strong><\/p>\n\n\\n\n\n<p>Das KIN TG koordiniert Wissen, vernetzt Akteure und unterst\u00fctzt die Umsetzung von L\u00f6sungen entlang der gesamten Wertsch\u00f6pfungskette \u2013 von der Tierhaltung bis zu den Konsumierenden.<\/p>\n\n\\n\n\n\n\n\\n\n\n<p><strong>Gemeinsam mehr erreichen<\/strong><\/p>\n\n\\n\n\n<p>In einer Aufbauphase werden die Bed\u00fcrfnisse der Branche ermittelt und die Grundlagen f\u00fcr ein starkes Netzwerk geschaffen. Gemeinsam mit unseren Partnern gestalten wir die Zukunft der Tiergesundheit in der Schweiz.<\/p>\n\n\\n\n\n\n\n\\n\n\n<p><strong>Gestalten Sie die Zukunft der Tiergesundheit mit \u2013 werden Sie Teil des Kompetenz- und Innovationsnetzwerks Tiergesundheit.<\/strong><\/p>\n\n\",\"content_fr_fr\":\"\n\n<p><strong>Ensemble pour un \u00e9levage sain et durable<\/strong><\/p>\n\n\\n\n\n<p>La sant\u00e9 animale est essentielle : elle garantit le bien-\u00eatre des animaux, renforce la durabilit\u00e9 des exploitations et contribue \u00e0 une production alimentaire s\u00fbre et responsable. Aujourd\u2019hui, de nombreuses connaissances et solutions existent d\u00e9j\u00e0, mais elles ne sont pas toujours suffisamment partag\u00e9es ni appliqu\u00e9es sur le terrain.<\/p>\n\n\\n\n\n<p>C\u2019est pour r\u00e9pondre \u00e0 ce d\u00e9fi que NTGS lance le <strong>R\u00e9seau de Comp\u00e9tences et d\u2019Innovation en Sant\u00e9 Animale\u00a0(RCI SA)<\/strong>. Ce r\u00e9seau met en relation la recherche, la pratique ainsi que les acteurs publics et priv\u00e9s, afin que les connaissances, les innovations et les technologies les plus r\u00e9centes puissent \u00eatre mises en \u0153uvre de mani\u00e8re efficace dans les \u00e9levages.<\/p>\n\n\\n\n\n\n\n\\n\n\n<p><strong>Nos objectifs<\/strong><\/p>\n\n\\n\n\n\n\n\\n\n\n<ul data-editing-info=\\\"{&quot;applyListStyleFromLevel&quot;:true}\\\">\\n\n\n<li>Am\u00e9liorer durablement la sant\u00e9 et le bien-\u00eatre des animaux<\/li>\n\n\\n\n\n<li>Promouvoir un \u00e9levage durable et respectueux des ressources<\/li>\n\n\\n\n\n<li>Faciliter le transfert d\u2019innovations et de solutions num\u00e9riques vers la pratique<\/li>\n\n\\n\n\n<li>Garantir la comp\u00e9titivit\u00e9 de l'\u00e9levage suisse<\/li>\n\n\\n<\/ul>\n\n\\n\n\n\n\n\\n\n\n\n\n\\n\n\n<p><strong>Notre approche<\/strong><\/p>\n\n\\n\n\n<p>Le<strong>\u00a0RCI SA<\/strong>\u00a0coordonne les connaissances, relie les diff\u00e9rents acteurs et soutient la mise en \u0153uvre de solutions tout au long de la cha\u00eene de valeur \u2014 de l\u2019\u00e9levage jusqu\u2019aux consommatrices et consommateurs.<\/p>\n\n\\n\n\n\n\n\\n\n\n<p><strong>Construisons l\u2019avenir, ensemble<\/strong><\/p>\n\n\\n\n\n<p>Dans une premi\u00e8re phase, nous identifions les besoins de la branche et posons les bases d\u2019un r\u00e9seau solide et fonctionnel. En collaboration avec nos partenaires, nous travaillons \u00e0 fa\u00e7onner l\u2019avenir de la sant\u00e9 animale en Suisse.<\/p>\n\n\\n\n\n\n\n\\n\n\n<p><strong>Contribuez activement \u00e0 l\u2019avenir de la sant\u00e9 animale - rejoignez le R\u00e9seau de Comp\u00e9tences et d\u2019Innovation en Sant\u00e9 Animale !\u00a0<\/strong><\/p>\n\n\\n\n\n\n\n\",\"margin_bottom\":\"default\",\"margin_top\":\"default\",\"text_align\":\"justify\"}}]}]}]},{\"type\":\"section\",\"props\":{\"image_position\":\"center-center\",\"style\":\"default\",\"title_breakpoint\":\"xl\",\"title_position\":\"top-left\",\"title_rotation\":\"left\",\"vertical_align\":\"middle\",\"width\":\"default\"},\"children\":[{\"type\":\"row\",\"children\":[{\"type\":\"column\",\"props\":{\"image_position\":\"center-center\",\"position_sticky_breakpoint\":\"m\"},\"children\":[{\"type\":\"grid\",\"props\":{\"content_column_breakpoint\":\"m\",\"filter_align\":\"left\",\"filter_all\":true,\"filter_grid_breakpoint\":\"m\",\"filter_grid_width\":\"auto\",\"filter_position\":\"top\",\"filter_style\":\"tab\",\"grid_column_align\":true,\"grid_default\":\"1\",\"grid_divider\":false,\"grid_medium\":\"3\",\"grid_row_align\":false,\"image_align\":\"top\",\"image_grid_breakpoint\":\"m\",\"image_grid_width\":\"1-2\",\"image_height\":600,\"image_svg_color\":\"emphasis\",\"image_width\":900,\"item_animation\":true,\"lightbox\":false,\"lightbox_bg_close\":true,\"link_style\":\"default\",\"link_text\":\"\",\"margin_bottom\":\"default\",\"margin_top\":\"default\",\"meta_align\":\"below-title\",\"meta_element\":\"div\",\"meta_style\":\"text-meta\",\"panel_image_no_padding\":true,\"panel_link\":true,\"panel_padding\":\"default\",\"panel_style\":\"card-default\",\"show_content\":true,\"show_hover_image\":true,\"show_hover_video\":true,\"show_image\":true,\"show_link\":true,\"show_meta\":true,\"show_title\":true,\"show_video\":true,\"title_align\":\"top\",\"title_element\":\"h3\",\"title_grid_breakpoint\":\"m\",\"title_grid_width\":\"1-2\",\"title_hover_style\":\"reset\"},\"children\":[{\"type\":\"grid_item\",\"props\":{\"content\":\"\n\n<p><span>Tierartspezifische Netzwerkplattformen \u00a0f\u00fcr den Wissenstransfer.<\/span><\/p>\n\n\\n\n\n<p><span data-teams=\\\"true\\\">\u00a0<\/span><\/p>\n\n\",\"content_fr_fr\":\"\n\n<p>Plateformes de mise en r\u00e9seau sp\u00e9cifiques aux esp\u00e8ces animales pour le transfert de connaissances<\/p>\n\n\",\"image\":\"wp-content\/uploads\/2026\/01\/shutterstock_1630887781-Bild-KIN.png\",\"title\":\"Netzwerkplattformen\",\"title_fr_fr\":\"Plateformes de mise en r\u00e9seau\"}},{\"type\":\"grid_item\",\"props\":{\"content\":\"\n\n<ul>\\n\n\n<li><span>Mapping der bestehenden IT-Systeme<\/span><\/li>\n\n\\n\n\n<li><span> Datenschutzanforderungen<\/span><\/li>\n\n\\n\n\n<li><span>Dies erfolgt in enger Zusammenarbeit mit der Initiative DIGIAGRIFOOD (BLW) sowie im Einklang mit der Digitalisierungsstrategie des BLWs.<\/span><\/li>\n\n\\n<\/ul>\n\n\",\"content_fr_fr\":\"\n\n<ul>\\n\n\n<li data-start=\\\"0\\\" data-end=\\\"51\\\">Cartographie des syst\u00e8mes informatiques existants<\/li>\n\n\\n\n\n<li data-start=\\\"53\\\" data-end=\\\"101\\\">Exigences en mati\u00e8re de protection des donn\u00e9es<\/li>\n\n\\n\n\n<li data-start=\\\"103\\\" data-end=\\\"240\\\">Cela se fait en \u00e9troite collaboration avec l\u2019initiative DIGIAGRIFOOD (OFAG) et en conformit\u00e9 avec la strat\u00e9gie de num\u00e9risation de l\u2019OFAG.<\/li>\n\n\\n<\/ul>\n\n\",\"image\":\"wp-content\/uploads\/2026\/01\/shutterstock_2527743003.jpg\",\"link\":\"kin\/it-systeme-und-datenschutz-im-bereich-tiergesundheit\/\",\"link_fr_fr\":\"fr\/kin\/it-systeme-und-datenschutz-im-bereich-tiergesundheit\/\",\"title\":\"IT-Systeme und Datenschutz im Bereich Tiergesundheit\",\"title_fr_fr\":\"Syst\u00e8mes informatiques et protection des donn\u00e9es dans le domaine de la sant\u00e9 animale\"}},{\"type\":\"grid_item\",\"props\":{\"content\":\"\",\"image\":\"wp-content\/uploads\/2026\/01\/shutterstock_2505565311.jpg\",\"title\":\"Biosicherheitswissenstransfer und Implementierung\",\"title_fr_fr\":\"Transfert de connaissances en mati\u00e8re de bios\u00e9curit\u00e9 et mise en \u0153uvre\"}}]}]}]}]}],\"version\":\"5.0.25\",\"yooessentialsVersion\":\"3.0.2\"} --><\/p>\n","protected":false},"excerpt":{"rendered":"<p>KIN Kompetenz- und Innovationsnetzwerk Gemeinsam f\u00fcr eine gesunde und nachhaltige Tierhaltung Die Tiergesundheit ist ein zentraler Faktor f\u00fcr Tierwohl, nachhaltige Landwirtschaft und sichere Lebensmittel. Gleichzeitig ist viel Wissen vorhanden \u2013 doch es wird noch zu wenig vernetzt und in die Praxis gebracht. NTGS baut deshalb das nationale Kompetenz- und Innovationsnetzwerk Tiergesundheit (KIN TG) auf. Das [&hellip;]<\/p>\n","protected":false},"author":4,"featured_media":0,"parent":0,"menu_order":0,"comment_status":"closed","ping_status":"closed","template":"","meta":{"_acf_changed":false,"footnotes":""},"class_list":["post-2935","page","type-page","status-publish","hentry"],"acf":[],"_links":{"self":[{"href":"https:\/\/www.nutztiergesundheit-schweiz.ch\/fr\/wp-json\/wp\/v2\/pages\/2935","targetHints":{"allow":["GET"]}}],"collection":[{"href":"https:\/\/www.nutztiergesundheit-schweiz.ch\/fr\/wp-json\/wp\/v2\/pages"}],"about":[{"href":"https:\/\/www.nutztiergesundheit-schweiz.ch\/fr\/wp-json\/wp\/v2\/types\/page"}],"author":[{"embeddable":true,"href":"https:\/\/www.nutztiergesundheit-schweiz.ch\/fr\/wp-json\/wp\/v2\/users\/4"}],"replies":[{"embeddable":true,"href":"https:\/\/www.nutztiergesundheit-schweiz.ch\/fr\/wp-json\/wp\/v2\/comments?post=2935"}],"version-history":[{"count":45,"href":"https:\/\/www.nutztiergesundheit-schweiz.ch\/fr\/wp-json\/wp\/v2\/pages\/2935\/revisions"}],"predecessor-version":[{"id":4103,"href":"https:\/\/www.nutztiergesundheit-schweiz.ch\/fr\/wp-json\/wp\/v2\/pages\/2935\/revisions\/4103"}],"wp:attachment":[{"href":"https:\/\/www.nutztiergesundheit-schweiz.ch\/fr\/wp-json\/wp\/v2\/media?parent=2935"}],"curies":[{"name":"wp","href":"https:\/\/api.w.org\/{rel}","templated":true}]}}