{"id":2633,"date":"2025-12-05T13:57:25","date_gmt":"2025-12-05T12:57:25","guid":{"rendered":"https:\/\/www.nutztiergesundheit-schweiz.ch\/?page_id=2633"},"modified":"2026-02-10T16:07:17","modified_gmt":"2026-02-10T15:07:17","slug":"bestandesbetreuung","status":"publish","type":"page","link":"https:\/\/www.nutztiergesundheit-schweiz.ch\/fr\/fachinformationen\/bestandesbetreuung\/","title":{"rendered":"Bestandesbetreuung"},"content":{"rendered":"<h1>Bestandesbetreuung<\/h1>\n<div>\n<p>Die Politik und die Gesellschaft fordern, dass die Nutztiere ges\u00fcnder und artgerechter gehalten werden. Das Nutztier soll dabei eine gute Leistung erbringen und das zu einem Preis, den der Konsument bezahlen kann.<\/p>\n<p>Eine gute Tiergesundheit dient nicht nur als Basis um die Herausforderungen im Bereich Antibiotikaresistenzen zu bew\u00e4ltigen, sondern auch als zentrale Voraussetzung f\u00fcr eine nachhaltige und wirtschaftliche Rindviehhaltung insgesamt.<\/p>\n<p>Die Bestandesbetreuung ist eine gute M\u00f6glichkeit zur Gesunderhaltung einer Nutztierherde und wird daher bereits von verschiedenen Akteuren im veterin\u00e4rmedizinischen Berufsfeld angeboten. Die Weiterentwicklung der Zusammenarbeit zwischen LandwirtInnen und Tier\u00e4rztInnen im Sinne einer optimierten \u00abIntegrierten Tier\u00e4rztlichen Bestandesbetreuung\u00bb (ITB) ist als zentraler Erfolgsfaktor f\u00fcr eine Verbesserung der Tiergesundheit zu sehen.<\/p>\n<p>Es wurde nun die Initiative ergriffen, mit einem Projekt die Tiergesundheit in Form einer etablierten ITB nachhaltig in der Veterin\u00e4rmedizin zu f\u00f6rdern und zu st\u00e4rken.<\/p>\n<p>Im Zentrum der Idee liegt die Weiterentwicklung der Zusammenarbeit zwischen LandwirtInnen und Tier\u00e4rztInnen mit Ausrichtung auf die individuellen Bed\u00fcrfnisse der Tierhaltung. Eine auf den Einzelbetrieb abgestimmte Form der Bestandesbetreuung soll beiden Seiten -dem betreuenden Bestandestierarzt sowie dem Tierhalter- einen sichtbaren Mehrwert bringen.<\/p>\n<\/div>\n<p><img decoding=\"async\" src=\"\/wp-content\/uploads\/2026\/01\/shutterstock_1630887781-Bild-KIN.png\" alt=\"\"><\/p>\n<p><!--more--><br \/>\n<!-- {\"type\":\"layout\",\"children\":[{\"type\":\"section\",\"props\":{\"image_position\":\"center-center\",\"style\":\"default\",\"title_breakpoint\":\"xl\",\"title_position\":\"top-left\",\"title_rotation\":\"left\",\"vertical_align\":\"middle\",\"width\":\"default\"},\"children\":[{\"type\":\"row\",\"children\":[{\"type\":\"column\",\"props\":{\"image_position\":\"center-center\",\"position_sticky_breakpoint\":\"m\"},\"children\":[{\"type\":\"headline\",\"props\":{\"content\":\"Bestandesbetreuung\",\"content_fr_fr\":\"Gestion du portefeuille\",\"title_element\":\"h1\"}},{\"type\":\"text\",\"props\":{\"column_breakpoint\":\"m\",\"content\":\"\n\n<p>Die Politik und die Gesellschaft fordern, dass die Nutztiere ges\\u00fcnder und artgerechter gehalten werden. Das Nutztier soll dabei eine gute Leistung erbringen und das zu einem Preis, den der Konsument bezahlen kann.<\\\/p>\\n\n\n<p>Eine gute Tiergesundheit dient nicht nur als Basis um die Herausforderungen im Bereich Antibiotikaresistenzen zu bew\\u00e4ltigen, sondern auch als zentrale Voraussetzung f\\u00fcr eine nachhaltige und wirtschaftliche Rindviehhaltung insgesamt.<\\\/p>\\n\n\n<p>Die Bestandesbetreuung ist eine gute M\\u00f6glichkeit zur Gesunderhaltung einer Nutztierherde und wird daher bereits von verschiedenen Akteuren im veterin\\u00e4rmedizinischen Berufsfeld angeboten. Die Weiterentwicklung der Zusammenarbeit zwischen LandwirtInnen und Tier\\u00e4rztInnen im Sinne einer optimierten \\u00abIntegrierten Tier\\u00e4rztlichen Bestandesbetreuung\\u00bb (ITB) ist als zentraler Erfolgsfaktor f\\u00fcr eine Verbesserung der Tiergesundheit zu sehen.<\\\/p>\\n\n\n<p>Es wurde nun die Initiative ergriffen, mit einem Projekt die Tiergesundheit in Form einer etablierten ITB nachhaltig in der Veterin\\u00e4rmedizin zu f\\u00f6rdern und zu st\\u00e4rken.<\\\/p>\\n\n\n<p>Im Zentrum der Idee liegt die Weiterentwicklung der Zusammenarbeit zwischen LandwirtInnen und Tier\\u00e4rztInnen mit Ausrichtung auf die individuellen Bed\\u00fcrfnisse der Tierhaltung. Eine auf den Einzelbetrieb abgestimmte Form der Bestandesbetreuung soll beiden Seiten -dem betreuenden Bestandestierarzt sowie dem Tierhalter- einen sichtbaren Mehrwert bringen.<\\\/p>\",\"content_fr_fr\":\"\n\n<div class=\\\"col-lg-6\\\">\\n\n\n<p><span><span lang=\\\"FR-CH\\\">Le politique et la soci\\u00e9t\\u00e9 demandent que l'\\u00e9levage agricole soit plus respectueux des esp\\u00e8ces animales et de leur sant\\u00e9, sachant que l'on attend des animaux de rente une bonne performance\\u2026<\\\/span><\\\/span><\\\/p>\\n\n\n<p><span><span lang=\\\"FR-CH\\\">Le politique et la soci\\u00e9t\\u00e9 demandent que l'\\u00e9levage agricole soit plus respectueux des esp\\u00e8ces animales et de leur sant\\u00e9, sachant que l'on attend des animaux de rente une bonne performance et cela \\u00e0 un prix qui puisse \\u00eatre pay\\u00e9 par le consommateur.<\\\/span><\\\/span><\\\/p>\\n\n\n<p><span><span lang=\\\"FR-CH\\\">La bonne sant\\u00e9 des animaux n'est pas seulement le fondement de la lutte contre la r\\u00e9sistance aux antibiotiques, mais aussi une condition d\\u00e9terminante pour pratiquer un \\u00e9levage bovin rentable et durable.<\\\/span><\\\/span><\\\/p>\\n<\\\/div>\\n\n\n<div class=\\\"col-lg-6\\\">\\n\n\n<p><span><span lang=\\\"FR-CH\\\">Le suivi du troupeau est une bonne mani\\u00e8re d'assurer la sant\\u00e9 des animaux de rente. Cette possibilit\\u00e9 est d\\u00e9j\\u00e0 propos\\u00e9e par diff\\u00e9rents acteurs du domaine de la m\\u00e9decine v\\u00e9t\\u00e9rinaire. Le d\\u00e9veloppement de la collaboration entre les agriculteurs\\\/trices et les v\\u00e9t\\u00e9rinaires doit \\u00eatre consid\\u00e9r\\u00e9 comme un facteur d\\u00e9cisif pour r\\u00e9ussir \\u00e0 am\\u00e9liorer la sant\\u00e9 des animaux. Il s'agit de mettre en place un \\\"suivi v\\u00e9t\\u00e9rinaire de troupeau int\\u00e9gr\\u00e9\\\" optimis\\u00e9.<\\\/span><\\\/span><\\\/p>\\n\n\n<p><span><span lang=\\\"FR-CH\\\">Un projet a maintenant \\u00e9t\\u00e9 lanc\\u00e9, qui vise justement \\u00e0 promouvoir et \\u00e0 renforcer la sant\\u00e9 animale au moyen d'un suivi v\\u00e9t\\u00e9rinaire de troupeau int\\u00e9gr\\u00e9, \\u00e9tabli sur le long terme.<\\\/span><\\\/span><\\\/p>\\n\n\n<p><span><span lang=\\\"FR-CH\\\">L'id\\u00e9e centrale est de d\\u00e9velopper la collaboration entre les agriculteurs\\\/trices et les v\\u00e9t\\u00e9rinaires sur la base des besoins sp\\u00e9cifiques de l\\u2019\\u00e9levage. Un suivi de troupeau adapt\\u00e9 \\u00e0 chaque exploitation apportera des b\\u00e9n\\u00e9fices concrets aux deux parties, le v\\u00e9t\\u00e9rinaire du troupeau et l'\\u00e9leveur\\\/euse.<\\\/span><\\\/span><\\\/p>\\n<\\\/div>\",\"margin\":\"default\"}},{\"type\":\"image\",\"props\":{\"image\":\"wp-content\\\/uploads\\\/2026\\\/01\\\/shutterstock_1630887781-Bild-KIN.png\",\"image_svg_color\":\"emphasis\",\"margin\":\"default\"}}]}]}]}],\"version\":\"4.5.32\",\"yooessentialsVersion\":\"2.4.12\"} --><\/p>\n","protected":false},"excerpt":{"rendered":"<p>Bestandesbetreuung Die Politik und die Gesellschaft fordern, dass die Nutztiere ges\u00fcnder und artgerechter gehalten werden. Das Nutztier soll dabei eine gute Leistung erbringen und das zu einem Preis, den der Konsument bezahlen kann. Eine gute Tiergesundheit dient nicht nur als Basis um die Herausforderungen im Bereich Antibiotikaresistenzen zu bew\u00e4ltigen, sondern auch als zentrale Voraussetzung f\u00fcr [&hellip;]<\/p>\n","protected":false},"author":4,"featured_media":0,"parent":21,"menu_order":0,"comment_status":"closed","ping_status":"closed","template":"","meta":{"_acf_changed":false,"footnotes":""},"class_list":["post-2633","page","type-page","status-publish","hentry"],"acf":[],"_links":{"self":[{"href":"https:\/\/www.nutztiergesundheit-schweiz.ch\/fr\/wp-json\/wp\/v2\/pages\/2633","targetHints":{"allow":["GET"]}}],"collection":[{"href":"https:\/\/www.nutztiergesundheit-schweiz.ch\/fr\/wp-json\/wp\/v2\/pages"}],"about":[{"href":"https:\/\/www.nutztiergesundheit-schweiz.ch\/fr\/wp-json\/wp\/v2\/types\/page"}],"author":[{"embeddable":true,"href":"https:\/\/www.nutztiergesundheit-schweiz.ch\/fr\/wp-json\/wp\/v2\/users\/4"}],"replies":[{"embeddable":true,"href":"https:\/\/www.nutztiergesundheit-schweiz.ch\/fr\/wp-json\/wp\/v2\/comments?post=2633"}],"version-history":[{"count":9,"href":"https:\/\/www.nutztiergesundheit-schweiz.ch\/fr\/wp-json\/wp\/v2\/pages\/2633\/revisions"}],"predecessor-version":[{"id":3959,"href":"https:\/\/www.nutztiergesundheit-schweiz.ch\/fr\/wp-json\/wp\/v2\/pages\/2633\/revisions\/3959"}],"up":[{"embeddable":true,"href":"https:\/\/www.nutztiergesundheit-schweiz.ch\/fr\/wp-json\/wp\/v2\/pages\/21"}],"wp:attachment":[{"href":"https:\/\/www.nutztiergesundheit-schweiz.ch\/fr\/wp-json\/wp\/v2\/media?parent=2633"}],"curies":[{"name":"wp","href":"https:\/\/api.w.org\/{rel}","templated":true}]}}