{"id":2600,"date":"2025-12-05T13:30:51","date_gmt":"2025-12-05T12:30:51","guid":{"rendered":"https:\/\/www.nutztiergesundheit-schweiz.ch\/?page_id=2600"},"modified":"2026-03-02T10:44:23","modified_gmt":"2026-03-02T09:44:23","slug":"biosicherheit","status":"publish","type":"page","link":"https:\/\/www.nutztiergesundheit-schweiz.ch\/fr\/fachinformationen\/biosicherheit\/","title":{"rendered":"Bios\u00e9curit\u00e9"},"content":{"rendered":"<h1>Biosicherheit<\/h1>\n<div>\n<p>Bei einem Eintrag von ansteckenden Tierkrankheiten drohen einer Tierhaltung grosse wirtschaftliche Sch\u00e4den. Daher sind Massnahmen gefordert, um Betriebe m\u00f6glichst zu sch\u00fctzen.<\/p>\n<p>Unter Biosicherheit versteht man alle Massnahmen, welche das Risiko eines Krankheits- oder Erregereintrags respektive das Ausbreiten von Erkrankungen, welche Gesundheit, Wohlbefinden oder die Lebensmittelsicherheit beeintr\u00e4chtigen, reduzieren.<\/p>\n<\/div>\n<div>\n<p><span>Unter nachfolgendem Link finden Sie f\u00fcr Rinder- und Schweinehaltungen mehr Informationen dazu:<\/span><\/p>\n<\/div>\n<p><p>\n        <a href=\"https:\/\/www.gesunde-nutztiere.ch\/de\/home\/?oid=55&#038;lang=de\">www.gesunde-nutztiere.ch<\/a>\n    <\/p>\n<\/p>\n<p><!--more--><br \/>\n<!-- {\"type\":\"layout\",\"children\":[{\"name\":\"Hero - Unterseite\",\"type\":\"section\",\"props\":{\"animation\":\"slide-bottom-medium\",\"animation_delay\":\"200\",\"header_transparent\":false,\"header_transparent_noplaceholder\":true,\"header_transparent_text_color\":\"light\",\"height\":\"viewport\",\"height_viewport\":50,\"id\":\"hero\",\"image\":\"wp-content\\\/uploads\\\/2025\\\/10\\\/cows-grazing-green-field-cows-alpine-meadows-beautiful-alpine-landscape-scaled.jpg\",\"image_loading\":true,\"image_parallax_bgy\":\"170,0\",\"image_position\":\"center-center\",\"image_size\":\"cover\",\"media_overlay\":\"rgba(0, 0, 0, 0.2)\",\"overlap\":true,\"padding_remove_bottom\":false,\"padding_remove_top\":false,\"style\":\"default\",\"title_breakpoint\":\"xl\",\"title_position\":\"top-left\",\"title_rotation\":\"left\",\"vertical_align\":\"middle\",\"width\":\"default\"},\"children\":[{\"type\":\"row\",\"props\":{\"margin\":\"medium\",\"margin_remove_bottom\":true,\"margin_remove_top\":false},\"children\":[{\"type\":\"column\",\"props\":{\"image_height\":\"220\",\"image_parallax_bgy\":\"230,0\",\"image_position\":\"bottom-right\",\"image_width\":\"220\",\"position_sticky_breakpoint\":\"m\",\"text_color\":\"light\",\"width_medium\":\"1-1\"},\"children\":[{\"type\":\"headline\",\"props\":{\"content\":\"Biosicherheit\",\"content_fr_fr\":\"\n\n<h1 class=\\\"\\\" style=\\\"text-align: center;\\\">Bios\\u00e9curit\\u00e9<\\\/h1>\",\"text_align\":\"center\",\"title_element\":\"h1\",\"title_style\":\"heading-medium\"}},{\"type\":\"text\",\"props\":{\"block_align\":\"center\",\"column_breakpoint\":\"m\",\"content\":\"\",\"margin\":\"medium\",\"maxwidth\":\"2xlarge\",\"text_align\":\"center\",\"text_color\":\"emphasis\",\"text_style\":\"lead\"}}]}]}]},{\"type\":\"section\",\"props\":{\"image_position\":\"center-center\",\"style\":\"default\",\"title_breakpoint\":\"xl\",\"title_position\":\"top-left\",\"title_rotation\":\"left\",\"vertical_align\":\"middle\",\"width\":\"default\"},\"children\":[{\"type\":\"row\",\"children\":[{\"type\":\"column\",\"props\":{\"image_position\":\"center-center\",\"position_sticky_breakpoint\":\"m\"},\"children\":[{\"type\":\"text\",\"props\":{\"column_breakpoint\":\"m\",\"content\":\"\n\n<p>Bei einem Eintrag von ansteckenden Tierkrankheiten drohen einer Tierhaltung grosse wirtschaftliche Sch\\u00e4den. Daher sind Massnahmen gefordert, um Betriebe m\\u00f6glichst zu sch\\u00fctzen.<\\\/p>\\n\n\n<p>Unter Biosicherheit versteht man alle Massnahmen, welche das Risiko eines Krankheits- oder Erregereintrags respektive das Ausbreiten von Erkrankungen, welche Gesundheit, Wohlbefinden oder die Lebensmittelsicherheit beeintr\\u00e4chtigen, reduzieren.<\\\/p>\",\"content_fr_fr\":\"\n\n<p>La survenue de maladies contagieuses chez les animaux peut causer de s\\u00e9rieux dommages \\u00e9conomiques pour l'\\u00e9levage. Il est donc n\\u00e9cessaire de prendre des mesures permettant de prot\\u00e9ger au mieux l'exploitation.<\\\/p>\\n\n\n<p>La bios\\u00e9curit\\u00e9 regroupe toutes les mesures visant \\u00e0 r\\u00e9duire le risque de p\\u00e9n\\u00e9tration d'une maladie ou d'un agent pathog\\u00e8ne, ou encore la propagation d'affections portant atteinte \\u00e0 la sant\\u00e9, au bien-\\u00eatre ou \\u00e0 la s\\u00e9curit\\u00e9 alimentaire.<\\\/p>\",\"margin\":\"default\"}}]}]}]},{\"name\":\"Fixed-Image Block\",\"type\":\"section\",\"props\":{\"animation\":\"scale-down\",\"animation_delay\":\"200\",\"image\":\"wp-content\\\/uploads\\\/2025\\\/10\\\/6590.jpg\",\"image_effect\":\"fixed\",\"image_position\":\"center-center\",\"image_width\":3000,\"media_overlay\":\"rgba(0, 0, 0, 0.5)\",\"padding\":\"large\",\"style\":\"primary\",\"title\":\"Special Offer\",\"title_breakpoint\":\"xl\",\"title_position\":\"center-right\",\"title_rotation\":\"left\",\"vertical_align\":\"\",\"width\":\"default\"},\"children\":[{\"type\":\"row\",\"children\":[{\"type\":\"column\",\"props\":{\"image_position\":\"center-center\",\"position_sticky_breakpoint\":\"m\",\"vertical_align\":\"middle\"},\"children\":[{\"type\":\"text\",\"props\":{\"block_align\":\"center\",\"column_breakpoint\":\"m\",\"content\":\"\n\n<p><span>Unter nachfolgendem Link finden Sie f\\u00fcr Rinder- und Schweinehaltungen mehr Informationen dazu:<\\\/span><\\\/p>\",\"content_fr_fr\":\"Le lien suivant permet d'obtenir de plus amples informations concernant l'\\u00e9levage de bovins et de porcs:\",\"margin\":\"default\",\"maxwidth\":\"xlarge\",\"text_align\":\"center\",\"text_color\":\"primary\",\"text_style\":\"lead\"}},{\"type\":\"button\",\"props\":{\"grid_column_gap\":\"small\",\"grid_row_gap\":\"small\",\"margin\":\"default\",\"text_align\":\"center\"},\"children\":[{\"type\":\"button_item\",\"props\":{\"button_style\":\"primary\",\"content\":\"www.gesunde-nutztiere.ch\",\"content_fr_fr\":\"www.animaux-de-rente-sains.ch\",\"dialog_layout\":\"modal\",\"dialog_offcanvas_flip\":true,\"icon\":\"link-external\",\"icon_align\":\"left\",\"link\":\"https:\\\/\\\/www.gesunde-nutztiere.ch\\\/de\\\/home\\\/?oid=55&lang=de\",\"link_fr_fr\":\"https:\\\/\\\/www.animaux-de-rente-sains.ch\\\/fr\\\/animaux-de-ferne-en-bonne-sante\\\/?oid=55&lang=fr\",\"link_target\":\"blank\"}}]}]}]}]}],\"version\":\"4.5.32\",\"yooessentialsVersion\":\"2.4.12\"} --><\/p>\n","protected":false},"excerpt":{"rendered":"<p>Biosicherheit Bei einem Eintrag von ansteckenden Tierkrankheiten drohen einer Tierhaltung grosse wirtschaftliche Sch\u00e4den. Daher sind Massnahmen gefordert, um Betriebe m\u00f6glichst zu sch\u00fctzen. Unter Biosicherheit versteht man alle Massnahmen, welche das Risiko eines Krankheits- oder Erregereintrags respektive das Ausbreiten von Erkrankungen, welche Gesundheit, Wohlbefinden oder die Lebensmittelsicherheit beeintr\u00e4chtigen, reduzieren. Unter nachfolgendem Link finden Sie f\u00fcr Rinder- [&hellip;]<\/p>\n","protected":false},"author":4,"featured_media":0,"parent":21,"menu_order":0,"comment_status":"closed","ping_status":"closed","template":"","meta":{"_acf_changed":false,"footnotes":""},"class_list":["post-2600","page","type-page","status-publish","hentry"],"acf":[],"_links":{"self":[{"href":"https:\/\/www.nutztiergesundheit-schweiz.ch\/fr\/wp-json\/wp\/v2\/pages\/2600","targetHints":{"allow":["GET"]}}],"collection":[{"href":"https:\/\/www.nutztiergesundheit-schweiz.ch\/fr\/wp-json\/wp\/v2\/pages"}],"about":[{"href":"https:\/\/www.nutztiergesundheit-schweiz.ch\/fr\/wp-json\/wp\/v2\/types\/page"}],"author":[{"embeddable":true,"href":"https:\/\/www.nutztiergesundheit-schweiz.ch\/fr\/wp-json\/wp\/v2\/users\/4"}],"replies":[{"embeddable":true,"href":"https:\/\/www.nutztiergesundheit-schweiz.ch\/fr\/wp-json\/wp\/v2\/comments?post=2600"}],"version-history":[{"count":14,"href":"https:\/\/www.nutztiergesundheit-schweiz.ch\/fr\/wp-json\/wp\/v2\/pages\/2600\/revisions"}],"predecessor-version":[{"id":4021,"href":"https:\/\/www.nutztiergesundheit-schweiz.ch\/fr\/wp-json\/wp\/v2\/pages\/2600\/revisions\/4021"}],"up":[{"embeddable":true,"href":"https:\/\/www.nutztiergesundheit-schweiz.ch\/fr\/wp-json\/wp\/v2\/pages\/21"}],"wp:attachment":[{"href":"https:\/\/www.nutztiergesundheit-schweiz.ch\/fr\/wp-json\/wp\/v2\/media?parent=2600"}],"curies":[{"name":"wp","href":"https:\/\/api.w.org\/{rel}","templated":true}]}}