{"id":2559,"date":"2025-12-05T11:37:37","date_gmt":"2025-12-05T10:37:37","guid":{"rendered":"https:\/\/www.nutztiergesundheit-schweiz.ch\/?page_id=2559"},"modified":"2026-02-10T13:59:35","modified_gmt":"2026-02-10T12:59:35","slug":"tgd-kleine-wdk","status":"publish","type":"page","link":"https:\/\/www.nutztiergesundheit-schweiz.ch\/fr\/tiergesundheitsdienste\/tgd-kleine-wdk\/","title":{"rendered":"Petits ruminants"},"content":{"rendered":"<h1><strong>Kleine Wiederk\u00e4uer, Hirsche und Neuweltkamelide<\/strong><\/h1>\n<p><p>\n        <a href=\"#inhalt\">Mehr erfahren<\/a>\n    <\/p>\n<\/p>\n<ul>\n<li>\n<div>\n<p>Vision der <strong>NTGS <\/strong>ist es, eine gesunde und widerstandsf\u00e4hige Tierpopulation in der Schweiz zu f\u00f6rdern, die sowohl den Tierschutz als auch die Bed\u00fcrfnisse der Tierhalterinnen und Tierhalter ber\u00fccksichtigt.<\/p>\n<p>Im Bereich der kleinen Wiederk\u00e4uer (ca. 360 000 Schafe und 80 000 Ziegen) sowie der Neuweltkameliden und Hirsche in der Schweiz sind eine nachhaltige Tierhaltung und das Wohl der Tiere von entscheidender Bedeutung.\u00a0<\/p>\n<\/div>\n<\/li>\n<li>\n<div>\n<p>Im Rahmen der Partnerschaft mit dem <strong>Beratungs- und Gesundheitsdienst f\u00fcr Kleine Wiederk\u00e4uer (BGK)<\/strong> werden kontinuierlich innovative L\u00f6sungen erarbeitet, um die Gesundheit und Haltung der Tiere weiter zu optimieren.<\/p>\n<\/div>\n<\/li>\n<\/ul>\n<div>\n<p>Mehr Informationen zu BGK unter dem Link:<\/p>\n<\/div>\n<p><p>\n        <a href=\"https:\/\/www.xn--kleinwiederkuer-clb.ch\/de\/der-bgk.html\">Der BGK | Beratungs- und Gesundheitsdienst f\u00fcr Kleinwiederk\u00e4uer BGK<\/a>\n    <\/p>\n<\/p>\n<p><!--more--><br \/>\n<!-- {\"type\":\"layout\",\"children\":[{\"name\":\"Hero - Unterseite\",\"type\":\"section\",\"props\":{\"animation\":\"slide-bottom-medium\",\"animation_delay\":\"200\",\"header_transparent\":false,\"header_transparent_noplaceholder\":true,\"header_transparent_text_color\":\"light\",\"height\":\"viewport\",\"height_viewport\":50,\"id\":\"hero\",\"image\":\"wp-content\\\/uploads\\\/2025\\\/10\\\/3646854.jpg\",\"image_loading\":true,\"image_parallax_bgy\":\"170,0\",\"image_position\":\"center-center\",\"image_size\":\"cover\",\"media_overlay\":\"rgba(0, 0, 0, 0.2)\",\"overlap\":true,\"padding_remove_bottom\":false,\"padding_remove_top\":false,\"style\":\"default\",\"title_breakpoint\":\"xl\",\"title_position\":\"top-left\",\"title_rotation\":\"left\",\"vertical_align\":\"middle\",\"width\":\"default\"},\"children\":[{\"type\":\"row\",\"props\":{\"margin\":\"medium\",\"margin_remove_bottom\":true,\"margin_remove_top\":false},\"children\":[{\"type\":\"column\",\"props\":{\"image_height\":\"220\",\"image_parallax_bgy\":\"230,0\",\"image_position\":\"bottom-right\",\"image_width\":\"220\",\"position_sticky_breakpoint\":\"m\",\"text_color\":\"light\",\"width_medium\":\"1-1\"},\"children\":[{\"type\":\"headline\",\"props\":{\"content\":\"<strong>Kleine Wiederk\\u00e4uer, Hirsche und Neuweltkamelide<\\\/strong>\",\"content_fr_fr\":\"<strong>Petits ruminants, cervid\\u00e9s et cam\\u00e9lid\\u00e9s du Nouveau Monde<\\\/strong>\",\"text_align\":\"center\",\"title_element\":\"h1\",\"title_style\":\"heading-medium\"}},{\"type\":\"button\",\"props\":{\"fullwidth\":false,\"grid_column_gap\":\"small\",\"grid_row_gap\":\"small\",\"margin\":\"default\",\"text_align\":\"center\"},\"children\":[{\"type\":\"button_item\",\"props\":{\"button_style\":\"primary\",\"content\":\"Mehr erfahren\",\"content_fr_fr\":\"Savoir plus\",\"dialog_layout\":\"modal\",\"dialog_offcanvas_flip\":true,\"icon\":\"arrow-down\",\"icon_align\":\"left\",\"link\":\"#inhalt\"}}]}]}]}]},{\"name\":\"Tools\",\"type\":\"section\",\"props\":{\"animation\":\"slide-bottom-medium\",\"animation_delay\":\"200\",\"id\":\"inhalt\",\"image_position\":\"center-center\",\"padding\":\"large\",\"style\":\"default\",\"title_breakpoint\":\"xl\",\"title_position\":\"top-left\",\"title_rotation\":\"left\",\"vertical_align\":\"\",\"width\":\"default\"},\"children\":[{\"type\":\"row\",\"children\":[{\"type\":\"column\",\"props\":{\"image_position\":\"center-center\",\"position_sticky_breakpoint\":\"m\",\"width_medium\":\"1-1\"},\"children\":[{\"type\":\"grid\",\"props\":{\"animation\":\"slide-bottom-small\",\"content_column_breakpoint\":\"m\",\"filter_align\":\"left\",\"filter_all\":true,\"filter_grid_breakpoint\":\"m\",\"filter_grid_width\":\"auto\",\"filter_position\":\"top\",\"filter_style\":\"tab\",\"grid_column_gap\":\"large\",\"grid_default\":\"1\",\"grid_divider\":false,\"grid_medium\":\"\",\"grid_row_gap\":\"large\",\"grid_small\":\"2\",\"icon_width\":80,\"image_align\":\"top\",\"image_grid_breakpoint\":\"m\",\"image_grid_width\":\"1-2\",\"image_svg_animate\":true,\"image_svg_color\":\"secondary\",\"image_svg_inline\":true,\"item_animation\":true,\"lightbox_bg_close\":true,\"link_style\":\"default\",\"link_text\":\"Read more\",\"link_text_fr_fr\":\"SSA \\u2013 Petits ruminants, cervid\\u00e9s et cam\\u00e9lid\\u00e9s du Nouveau Monde\",\"margin\":\"default\",\"meta_align\":\"below-title\",\"meta_element\":\"div\",\"meta_style\":\"text-meta\",\"parallax_easing\":\"1\",\"show_content\":true,\"show_hover_image\":true,\"show_hover_video\":true,\"show_image\":true,\"show_link\":true,\"show_meta\":true,\"show_title\":true,\"show_video\":true,\"text_align\":\"justify\",\"text_align_breakpoint\":\"m\",\"text_align_fallback\":\"center\",\"title_align\":\"top\",\"title_element\":\"h3\",\"title_grid_breakpoint\":\"m\",\"title_grid_width\":\"1-2\",\"title_hover_style\":\"reset\"},\"children\":[{\"type\":\"grid_item\",\"props\":{\"content\":\"\n\n<p>Vision der <strong>NTGS <\\\/strong>ist es, eine gesunde und widerstandsf\\u00e4hige Tierpopulation in der Schweiz zu f\\u00f6rdern, die sowohl den Tierschutz als auch die Bed\\u00fcrfnisse der Tierhalterinnen und Tierhalter ber\\u00fccksichtigt.<\\\/p>\\n\n\n<p>Im Bereich der kleinen Wiederk\\u00e4uer (ca. 360 000 Schafe und 80 000 Ziegen) sowie der Neuweltkameliden und Hirsche in der Schweiz sind eine nachhaltige Tierhaltung und das Wohl der Tiere von entscheidender Bedeutung.\\u00a0<\\\/p>\",\"content_fr_fr\":\"La vision de la NTGS est de promouvoir une population animale saine et r\\u00e9sistante en Suisse, qui respecte \\u00e0 la fois le bien-\\u00eatre des animaux et les besoins des \\u00e9leveurs.\\n\\nDans le domaine des petits ruminants (environ 360\\u202f000 moutons et 80\\u202f000 ch\\u00e8vres), ainsi que des cam\\u00e9lid\\u00e9s du Nouveau Monde et des cervid\\u00e9s en Suisse, une gestion durable des animaux et le bien-\\u00eatre des animaux sont d\\u2019une importance cruciale.\",\"image\":\"\",\"title\":\"\"}},{\"type\":\"grid_item\",\"props\":{\"content\":\"\n\n<p>Im Rahmen der Partnerschaft mit dem <strong>Beratungs- und Gesundheitsdienst f\\u00fcr Kleine Wiederk\\u00e4uer (BGK)<\\\/strong> werden kontinuierlich innovative L\\u00f6sungen erarbeitet, um die Gesundheit und Haltung der Tiere weiter zu optimieren.<\\\/p>\",\"content_fr_fr\":\"\n\n<p>Dans le cadre du partenariat avec le <strong>Service de conseil et de sant\\u00e9 pour les petits ruminants (BGK)<\\\/strong>, des solutions innovantes sont continuellement d\\u00e9velopp\\u00e9es afin d\\u2019optimiser davantage la sant\\u00e9 et l\\u2019\\u00e9levage des animaux.<\\\/p>\",\"image\":\"\",\"title\":\"\"}}]}]}]}]},{\"name\":\"Fixed-Image Block\",\"type\":\"section\",\"props\":{\"animation\":\"scale-down\",\"animation_delay\":\"200\",\"image\":\"wp-content\\\/uploads\\\/2025\\\/10\\\/20402941.jpg\",\"image_effect\":\"fixed\",\"image_position\":\"center-center\",\"image_width\":3000,\"media_focal_point\":\"top-center\",\"media_overlay\":\"rgba(0, 0, 0, 0.5)\",\"padding\":\"large\",\"style\":\"primary\",\"title\":\"Special Offer\",\"title_breakpoint\":\"xl\",\"title_position\":\"center-right\",\"title_rotation\":\"left\",\"vertical_align\":\"\",\"width\":\"default\"},\"children\":[{\"type\":\"row\",\"children\":[{\"type\":\"column\",\"props\":{\"image_position\":\"center-center\",\"position_sticky_breakpoint\":\"m\",\"vertical_align\":\"middle\"},\"children\":[{\"type\":\"text\",\"props\":{\"block_align\":\"center\",\"column_breakpoint\":\"m\",\"content\":\"\n\n<p>Mehr Informationen zu BGK unter dem Link:<\\\/p>\",\"content_fr_fr\":\"\n\n<p>Plus d\\u2019informations sur le BGK via le lien:<\\\/p>\",\"margin\":\"default\",\"maxwidth\":\"xlarge\",\"text_align\":\"center\",\"text_color\":\"primary\",\"text_style\":\"lead\"}},{\"type\":\"button\",\"props\":{\"grid_column_gap\":\"small\",\"grid_row_gap\":\"small\",\"margin\":\"default\",\"text_align\":\"center\"},\"children\":[{\"type\":\"button_item\",\"props\":{\"button_style\":\"primary\",\"content\":\"Der BGK | Beratungs- und Gesundheitsdienst f\\u00fcr Kleinwiederk\\u00e4uer BGK\",\"dialog_layout\":\"modal\",\"dialog_offcanvas_flip\":true,\"icon\":\"link-external\",\"icon_align\":\"left\",\"link\":\"https:\\\/\\\/www.xn--kleinwiederkuer-clb.ch\\\/de\\\/der-bgk.html\",\"link_target\":\"blank\"}}]}]}]}]}],\"version\":\"4.5.32\",\"yooessentialsVersion\":\"2.4.12\"} --><\/p>\n","protected":false},"excerpt":{"rendered":"<p>Kleine Wiederk\u00e4uer, Hirsche und Neuweltkamelide Mehr erfahren Vision der NTGS ist es, eine gesunde und widerstandsf\u00e4hige Tierpopulation in der Schweiz zu f\u00f6rdern, die sowohl den Tierschutz als auch die Bed\u00fcrfnisse der Tierhalterinnen und Tierhalter ber\u00fccksichtigt. Im Bereich der kleinen Wiederk\u00e4uer (ca. 360 000 Schafe und 80 000 Ziegen) sowie der Neuweltkameliden und Hirsche in der [&hellip;]<\/p>\n","protected":false},"author":4,"featured_media":0,"parent":2427,"menu_order":0,"comment_status":"closed","ping_status":"closed","template":"","meta":{"_acf_changed":false,"footnotes":""},"class_list":["post-2559","page","type-page","status-publish","hentry"],"acf":[],"_links":{"self":[{"href":"https:\/\/www.nutztiergesundheit-schweiz.ch\/fr\/wp-json\/wp\/v2\/pages\/2559","targetHints":{"allow":["GET"]}}],"collection":[{"href":"https:\/\/www.nutztiergesundheit-schweiz.ch\/fr\/wp-json\/wp\/v2\/pages"}],"about":[{"href":"https:\/\/www.nutztiergesundheit-schweiz.ch\/fr\/wp-json\/wp\/v2\/types\/page"}],"author":[{"embeddable":true,"href":"https:\/\/www.nutztiergesundheit-schweiz.ch\/fr\/wp-json\/wp\/v2\/users\/4"}],"replies":[{"embeddable":true,"href":"https:\/\/www.nutztiergesundheit-schweiz.ch\/fr\/wp-json\/wp\/v2\/comments?post=2559"}],"version-history":[{"count":22,"href":"https:\/\/www.nutztiergesundheit-schweiz.ch\/fr\/wp-json\/wp\/v2\/pages\/2559\/revisions"}],"predecessor-version":[{"id":3898,"href":"https:\/\/www.nutztiergesundheit-schweiz.ch\/fr\/wp-json\/wp\/v2\/pages\/2559\/revisions\/3898"}],"up":[{"embeddable":true,"href":"https:\/\/www.nutztiergesundheit-schweiz.ch\/fr\/wp-json\/wp\/v2\/pages\/2427"}],"wp:attachment":[{"href":"https:\/\/www.nutztiergesundheit-schweiz.ch\/fr\/wp-json\/wp\/v2\/media?parent=2559"}],"curies":[{"name":"wp","href":"https:\/\/api.w.org\/{rel}","templated":true}]}}