{"id":2509,"date":"2025-12-02T15:45:58","date_gmt":"2025-12-02T14:45:58","guid":{"rendered":"https:\/\/www.nutztiergesundheit-schweiz.ch\/?page_id=2509"},"modified":"2026-03-11T15:08:10","modified_gmt":"2026-03-11T14:08:10","slug":"ahis","status":"publish","type":"page","link":"https:\/\/www.nutztiergesundheit-schweiz.ch\/fr\/ahis\/","title":{"rendered":"AHIS"},"content":{"rendered":"<h1>Animal Health Info System<\/h1>\n<p><p>\n        <a href=\"#inhalt\">Mehr erfaren<\/a>\n    <\/p>\n<\/p>\n<ul>\n<li>\n<div>\n<p>Das AHIS unterst\u00fctzt die Bestandstier\u00e4rztinnen und Bestandstier\u00e4rzte bei der Betreuung von Schweine- und Rinderbest\u00e4nden. Mit Hilfe der <strong>AHIS-App<\/strong> k\u00f6nnen Untersuchungsbefunde systematisch erfasst werden. Einerseits wird dadurch die allgemeine Dokumentation erleichtert, andererseits eine Auswertung der Gesundheitsdaten erm\u00f6glicht. Solche Auswertungen von Gesundheitsdaten liefern zus\u00e4tzliche Informationen zum Gesundheitszustand der Tiere, f\u00f6rdern dadurch eine zielf\u00fchrende Bestandsbetreuung und tragen damit zur Verbesserung bzw. zum Erhalt der Tiergesundheit bei.<\/p>\n<\/p>\n<p>Die Fachstelle AHIS von NTGS ist f\u00fcr den Betrieb und s\u00e4mtliche Belange rund um das <strong>\u00abAnimal Health Info System\u00bb<\/strong> (AHIS) zust\u00e4ndig.<\/p>\n<\/div>\n<\/li>\n<li>\n<p>        <img decoding=\"async\" src=\"\/wp-content\/uploads\/2025\/12\/AHIS-logo-ohne-Strich.png\" alt=\"\"><\/p>\n<p><a href=\"https:\/\/www.animalhealthinfosystem.ch\/\"><\/a><\/p>\n<\/li>\n<\/ul>\n<div>\n<p><span>Weitere Informationen finden Sie auf der AHIS-Website:<\/span><\/p>\n<\/div>\n<p><p>\n        <a href=\"https:\/\/www.animalhealthinfosystem.ch\/\">www.animalhealthinfosystem.ch<\/a>\n    <\/p>\n<\/p>\n<p><!--more--><br \/>\n<!-- {\"type\":\"layout\",\"children\":[{\"name\":\"Hero - Unterseite\",\"type\":\"section\",\"props\":{\"animation\":\"slide-bottom-medium\",\"animation_delay\":\"200\",\"header_transparent\":false,\"header_transparent_noplaceholder\":true,\"header_transparent_text_color\":\"light\",\"height\":\"viewport\",\"height_viewport\":50,\"id\":\"hero\",\"image\":\"wp-content\\\/uploads\\\/2025\\\/11\\\/shutterstock_329534339-1.jpg\",\"image_loading\":true,\"image_parallax_bgy\":\"170,0\",\"image_position\":\"center-center\",\"image_size\":\"cover\",\"media_overlay\":\"rgba(0, 0, 0, 0.2)\",\"overlap\":true,\"padding_remove_bottom\":false,\"padding_remove_top\":false,\"style\":\"default\",\"title_breakpoint\":\"xl\",\"title_position\":\"top-left\",\"title_rotation\":\"left\",\"vertical_align\":\"middle\",\"width\":\"default\"},\"children\":[{\"type\":\"row\",\"props\":{\"margin\":\"medium\",\"margin_remove_bottom\":true,\"margin_remove_top\":false},\"children\":[{\"type\":\"column\",\"props\":{\"image_height\":\"220\",\"image_parallax_bgy\":\"230,0\",\"image_position\":\"bottom-right\",\"image_width\":\"220\",\"position_sticky_breakpoint\":\"m\",\"text_color\":\"light\",\"width_medium\":\"1-1\"},\"children\":[{\"type\":\"headline\",\"props\":{\"content\":\"Animal Health Info System\",\"content_fr_fr\":\"\n\n<h2 style=\\\"text-align: center;\\\">Animal Health Info System<\\\/h2>\",\"text_align\":\"center\",\"title_element\":\"h1\",\"title_style\":\"heading-medium\"}},{\"type\":\"text\",\"props\":{\"block_align\":\"center\",\"column_breakpoint\":\"m\",\"content\":\"\",\"margin\":\"medium\",\"maxwidth\":\"2xlarge\",\"text_align\":\"center\",\"text_color\":\"emphasis\",\"text_style\":\"lead\"}},{\"type\":\"button\",\"props\":{\"fullwidth\":false,\"grid_column_gap\":\"small\",\"grid_row_gap\":\"small\",\"margin\":\"default\",\"text_align\":\"center\"},\"children\":[{\"type\":\"button_item\",\"props\":{\"button_style\":\"primary\",\"content\":\"Mehr erfaren\",\"content_fr_fr\":\"Savoir plus\",\"dialog_layout\":\"modal\",\"dialog_offcanvas_flip\":true,\"icon\":\"arrow-down\",\"icon_align\":\"left\",\"link\":\"#inhalt\"}}]}]}]}]},{\"name\":\"Tools\",\"type\":\"section\",\"props\":{\"animation\":\"slide-bottom-medium\",\"animation_delay\":\"200\",\"id\":\"inhalt\",\"image_position\":\"center-center\",\"padding\":\"large\",\"style\":\"default\",\"title_breakpoint\":\"xl\",\"title_position\":\"top-left\",\"title_rotation\":\"left\",\"vertical_align\":\"\",\"width\":\"default\"},\"children\":[{\"type\":\"row\",\"children\":[{\"type\":\"column\",\"props\":{\"image_position\":\"center-center\",\"position_sticky_breakpoint\":\"m\",\"width_medium\":\"1-1\"},\"children\":[{\"type\":\"grid\",\"props\":{\"animation\":\"slide-bottom-small\",\"content_column_breakpoint\":\"m\",\"filter_align\":\"left\",\"filter_all\":true,\"filter_grid_breakpoint\":\"m\",\"filter_grid_width\":\"auto\",\"filter_position\":\"top\",\"filter_style\":\"tab\",\"grid_column_gap\":\"large\",\"grid_default\":\"1\",\"grid_divider\":false,\"grid_medium\":\"\",\"grid_row_gap\":\"large\",\"grid_small\":\"2\",\"icon_width\":80,\"image_align\":\"top\",\"image_grid_breakpoint\":\"m\",\"image_grid_width\":\"1-2\",\"image_link\":true,\"image_svg_animate\":true,\"image_svg_color\":\"secondary\",\"image_svg_inline\":true,\"image_width\":300,\"item_animation\":true,\"lightbox_bg_close\":true,\"link_style\":\"default\",\"link_text\":\"\",\"margin\":\"default\",\"meta_align\":\"below-title\",\"meta_element\":\"div\",\"meta_style\":\"text-meta\",\"parallax_easing\":\"1\",\"show_content\":true,\"show_hover_image\":true,\"show_hover_video\":true,\"show_image\":true,\"show_link\":true,\"show_meta\":true,\"show_title\":true,\"show_video\":true,\"text_align\":\"left\",\"text_align_breakpoint\":\"m\",\"text_align_fallback\":\"center\",\"title_align\":\"top\",\"title_element\":\"h3\",\"title_grid_breakpoint\":\"m\",\"title_grid_width\":\"1-2\",\"title_hover_style\":\"reset\"},\"children\":[{\"type\":\"grid_item\",\"props\":{\"content\":\"\n\n<p>Das AHIS unterst\\u00fctzt die Bestandstier\\u00e4rztinnen und Bestandstier\\u00e4rzte bei der Betreuung von Schweine- und Rinderbest\\u00e4nden. Mit Hilfe der <strong>AHIS-App<\\\/strong> k\\u00f6nnen Untersuchungsbefunde systematisch erfasst werden. Einerseits wird dadurch die allgemeine Dokumentation erleichtert, andererseits eine Auswertung der Gesundheitsdaten erm\\u00f6glicht. Solche Auswertungen von Gesundheitsdaten liefern zus\\u00e4tzliche Informationen zum Gesundheitszustand der Tiere, f\\u00f6rdern dadurch eine zielf\\u00fchrende Bestandsbetreuung und tragen damit zur Verbesserung bzw. zum Erhalt der Tiergesundheit bei.<\\\/p>\\n\n\n<p><\\\/p>\\n\n\n<p>Die Fachstelle AHIS von NTGS ist f\\u00fcr den Betrieb und s\\u00e4mtliche Belange rund um das <strong>\\u00abAnimal Health Info System\\u00bb<\\\/strong> (AHIS) zust\\u00e4ndig.<\\\/p>\",\"content_fr_fr\":\"\n\n<p>L\\u2019AHIS soutient les v\\u00e9t\\u00e9rinaires de troupeau dans le suivi des \\u00e9levages de porcs et de bovins. Gr\\u00e2ce \\u00e0 <strong>l\\u2019application AHIS<\\\/strong>, les r\\u00e9sultats des examens peuvent \\u00eatre saisis de mani\\u00e8re syst\\u00e9matique. Cela facilite d\\u2019une part la documentation g\\u00e9n\\u00e9rale et permet d\\u2019autre part l\\u2019analyse des donn\\u00e9es sanitaires. De telles analyses fournissent des informations suppl\\u00e9mentaires sur l\\u2019\\u00e9tat de sant\\u00e9 des animaux, favorisent une prise en charge cibl\\u00e9e du troupeau et contribuent ainsi \\u00e0 l\\u2019am\\u00e9lioration ou au maintien de la sant\\u00e9 animale.<\\\/p>\\n\n\n<p><\\\/p>\\n\n\n<p>Le Service sp\\u00e9cialis\\u00e9 AHIS de NTGS est responsable de l\\u2019exploitation et de l\\u2019ensemble des aspects li\\u00e9s au <strong>\\u00abAnimal Health Info System\\u00bb<\\\/strong> (AHIS).<\\\/p>\",\"image\":\"\",\"title\":\"\"}},{\"type\":\"grid_item\",\"props\":{\"content\":\"\",\"image\":\"wp-content\\\/uploads\\\/2025\\\/12\\\/AHIS-logo-ohne-Strich.png\",\"link\":\"https:\\\/\\\/www.animalhealthinfosystem.ch\\\/\"}}]}]}]}]},{\"name\":\"Fixed-Image Block\",\"type\":\"section\",\"props\":{\"animation\":\"scale-down\",\"animation_delay\":\"200\",\"image\":\"wp-content\\\/uploads\\\/2025\\\/11\\\/shutterstock_520523674.jpg\",\"image_effect\":\"fixed\",\"image_position\":\"center-center\",\"image_size\":\"cover\",\"image_width\":3000,\"media_focal_point\":\"bottom-center\",\"media_overlay\":\"rgba(0, 0, 0, 0.5)\",\"padding\":\"large\",\"style\":\"primary\",\"title\":\"Special Offer\",\"title_breakpoint\":\"xl\",\"title_position\":\"center-right\",\"title_rotation\":\"left\",\"vertical_align\":\"\",\"width\":\"default\"},\"children\":[{\"type\":\"row\",\"children\":[{\"type\":\"column\",\"props\":{\"image_position\":\"center-center\",\"position_sticky_breakpoint\":\"m\",\"vertical_align\":\"middle\"},\"children\":[{\"type\":\"text\",\"props\":{\"block_align\":\"center\",\"column_breakpoint\":\"m\",\"content\":\"\n\n<p><span>Weitere Informationen finden Sie auf der AHIS-Website:<\\\/span><\\\/p>\",\"content_fr_fr\":\"\n\n<p><span>Vous trouverez de plus amples informations sur le site web d\\u2019AHIS:<\\\/span><\\\/p>\",\"margin\":\"default\",\"maxwidth\":\"xlarge\",\"text_align\":\"center\",\"text_color\":\"primary\",\"text_style\":\"lead\"}},{\"type\":\"button\",\"props\":{\"grid_column_gap\":\"small\",\"grid_row_gap\":\"small\",\"margin\":\"default\",\"text_align\":\"center\"},\"children\":[{\"type\":\"button_item\",\"props\":{\"button_style\":\"primary\",\"content\":\"www.animalhealthinfosystem.ch\",\"dialog_layout\":\"modal\",\"dialog_offcanvas_flip\":true,\"icon\":\"link-external\",\"icon_align\":\"left\",\"link\":\"https:\\\/\\\/www.animalhealthinfosystem.ch\\\/\",\"link_target\":\"blank\"}}]}]}]}]},{\"name\":\"Call to Action - Text mit Checks\",\"type\":\"section\",\"props\":{\"image_position\":\"center-center\",\"padding\":\"large\",\"padding_remove_top\":false,\"status\":\"disabled\",\"style\":\"default\",\"title_breakpoint\":\"xl\",\"title_position\":\"top-left\",\"title_rotation\":\"left\",\"vertical_align\":\"\",\"width\":\"default\"},\"children\":[{\"type\":\"row\",\"children\":[{\"type\":\"column\",\"props\":{\"image_position\":\"center-center\",\"position_sticky_breakpoint\":\"m\",\"width_medium\":\"1-1\"}}]}]}],\"version\":\"4.5.32\",\"yooessentialsVersion\":\"2.4.12\"} --><\/p>\n","protected":false},"excerpt":{"rendered":"<p>Animal Health Info System Mehr erfaren Das AHIS unterst\u00fctzt die Bestandstier\u00e4rztinnen und Bestandstier\u00e4rzte bei der Betreuung von Schweine- und Rinderbest\u00e4nden. Mit Hilfe der AHIS-App k\u00f6nnen Untersuchungsbefunde systematisch erfasst werden. Einerseits wird dadurch die allgemeine Dokumentation erleichtert, andererseits eine Auswertung der Gesundheitsdaten erm\u00f6glicht. Solche Auswertungen von Gesundheitsdaten liefern zus\u00e4tzliche Informationen zum Gesundheitszustand der Tiere, f\u00f6rdern dadurch [&hellip;]<\/p>\n","protected":false},"author":1,"featured_media":0,"parent":0,"menu_order":0,"comment_status":"closed","ping_status":"closed","template":"","meta":{"_acf_changed":false,"footnotes":""},"class_list":["post-2509","page","type-page","status-publish","hentry"],"acf":[],"_links":{"self":[{"href":"https:\/\/www.nutztiergesundheit-schweiz.ch\/fr\/wp-json\/wp\/v2\/pages\/2509","targetHints":{"allow":["GET"]}}],"collection":[{"href":"https:\/\/www.nutztiergesundheit-schweiz.ch\/fr\/wp-json\/wp\/v2\/pages"}],"about":[{"href":"https:\/\/www.nutztiergesundheit-schweiz.ch\/fr\/wp-json\/wp\/v2\/types\/page"}],"author":[{"embeddable":true,"href":"https:\/\/www.nutztiergesundheit-schweiz.ch\/fr\/wp-json\/wp\/v2\/users\/1"}],"replies":[{"embeddable":true,"href":"https:\/\/www.nutztiergesundheit-schweiz.ch\/fr\/wp-json\/wp\/v2\/comments?post=2509"}],"version-history":[{"count":37,"href":"https:\/\/www.nutztiergesundheit-schweiz.ch\/fr\/wp-json\/wp\/v2\/pages\/2509\/revisions"}],"predecessor-version":[{"id":4050,"href":"https:\/\/www.nutztiergesundheit-schweiz.ch\/fr\/wp-json\/wp\/v2\/pages\/2509\/revisions\/4050"}],"wp:attachment":[{"href":"https:\/\/www.nutztiergesundheit-schweiz.ch\/fr\/wp-json\/wp\/v2\/media?parent=2509"}],"curies":[{"name":"wp","href":"https:\/\/api.w.org\/{rel}","templated":true}]}}