{"id":2429,"date":"2025-11-04T18:21:19","date_gmt":"2025-11-04T16:21:19","guid":{"rendered":"https:\/\/www.nutztiergesundheit-schweiz.ch\/?page_id=2429"},"modified":"2026-02-10T13:56:14","modified_gmt":"2026-02-10T12:56:14","slug":"rinder","status":"publish","type":"page","link":"https:\/\/www.nutztiergesundheit-schweiz.ch\/fr\/tiergesundheitsdienste\/rinder\/","title":{"rendered":"Bovins"},"content":{"rendered":"<h1>TGD &#8211; Rind<\/h1>\n<div>\n<p>Der Verein <strong>Nutztiergesundheit Schweiz<\/strong> (NTGS) setzt sich daf\u00fcr ein, dass die Nutztierhaltung in der Schweiz gesund, zukunftsf\u00e4hig und wettbewerbsf\u00e4hig bleibt.<\/p>\n<\/div>\n<p><p>\n        <a href=\"#inhalt\">Mehr erfahren<\/a>\n    <\/p>\n<\/p>\n<ul>\n<li>\n<h3>Enge Zusammenarbeit mit RGS<\/h3>\n<div>\n<p>Im Bereich <strong>Rind<\/strong> arbeitet die <strong>NTGS<\/strong> eng mit der <strong>Rindergesundheit Schweiz (RGS)<\/strong> zusammen, das als vom Bund anerkannter Tiergesundheitsdienst direkt dem Tr\u00e4gerverein NTGS angegliedert ist. <strong>RGS<\/strong> versteht sich als Bindeglied zwischen Tiermedizin und Landwirtschaft, der u.a. Gesundheitskonzepte und -programme entwickelt und vermittelt, Betriebe und Bestandestier\u00e4rzte:innen bei Bestandesproblemen unterst\u00fctzt und Fort- und Weiterbildungen anbietet.\u00a0<\/p>\n<\/div>\n<\/li>\n<li>\n<h3>Integration von KGD<\/h3>\n<div>\n<p>Der <strong>Schweizer K\u00e4lbergesundheitsdienst (KGD)<\/strong> wurde im Jahr 2025 in die RGS vollst\u00e4ndig integriert. So entsteht ein starker Verbund, der Pr\u00e4vention, Tierwohl und -gesundheit, verantwortungsvollen Arzneimitteleinsatz und wirtschaftliche Herdenf\u00fchrung voranbringt und die Ziele der nationalen Tiergesundheitsstrategie im Bereich der Rinder- und K\u00e4lberhaltung wirkungsvoll unterst\u00fctzt.<\/p>\n<\/div>\n<\/li>\n<\/ul>\n<div>\n<p>F\u00fcr weitere Informationen, aktuelle Meldungen, umfangreiche Fachinformationen, n\u00e4chste Weiterbildungstermine siehe auch die RGS-Homepage:<\/p>\n<\/div>\n<p><p>\n        <a href=\"https:\/\/www.rgs-ntgs.ch\/\">www.rgs-ntgs.ch<\/a>\n    <\/p>\n<\/p>\n<p><!--more--><br \/>\n<!-- {\"type\":\"layout\",\"children\":[{\"name\":\"Hero - Unterseite\",\"type\":\"section\",\"props\":{\"animation\":\"slide-bottom-medium\",\"animation_delay\":\"200\",\"header_transparent\":false,\"header_transparent_noplaceholder\":true,\"header_transparent_text_color\":\"light\",\"height\":\"viewport\",\"height_viewport\":50,\"id\":\"hero\",\"image\":\"wp-content\\\/uploads\\\/2025\\\/10\\\/5484287.jpg\",\"image_loading\":true,\"image_parallax_bgy\":\"170,0\",\"image_position\":\"center-center\",\"image_size\":\"cover\",\"media_overlay\":\"rgba(0, 0, 0, 0.2)\",\"overlap\":true,\"padding_remove_bottom\":false,\"padding_remove_top\":false,\"style\":\"default\",\"title_breakpoint\":\"xl\",\"title_position\":\"top-left\",\"title_rotation\":\"left\",\"vertical_align\":\"middle\",\"width\":\"default\"},\"children\":[{\"type\":\"row\",\"props\":{\"margin\":\"medium\",\"margin_remove_bottom\":true,\"margin_remove_top\":false},\"children\":[{\"type\":\"column\",\"props\":{\"image_height\":\"220\",\"image_parallax_bgy\":\"230,0\",\"image_position\":\"bottom-right\",\"image_width\":\"220\",\"position_sticky_breakpoint\":\"m\",\"text_color\":\"light\",\"width_medium\":\"1-1\"},\"children\":[{\"type\":\"headline\",\"props\":{\"content\":\"TGD - Rind\",\"content_fr_fr\":\"Services de sant\\u00e9 animale - Bovins\",\"text_align\":\"center\",\"title_element\":\"h1\",\"title_style\":\"heading-medium\"}},{\"type\":\"text\",\"props\":{\"block_align\":\"center\",\"column_breakpoint\":\"m\",\"content\":\"\n\n<p>Der Verein <strong>Nutztiergesundheit Schweiz<\\\/strong> (NTGS) setzt sich daf\\u00fcr ein, dass die Nutztierhaltung in der Schweiz gesund, zukunftsf\\u00e4hig und wettbewerbsf\\u00e4hig bleibt.<\\\/p>\",\"content_fr_fr\":\"\n\n<p><strong data-start=\\\"0\\\" data-end=\\\"63\\\" data-is-only-node=\\\"\\\">L'association Sant\\u00e9 des Animaux de Production Suisse (NTGS)<\\\/strong> \\u0153uvre pour garantir que l'\\u00e9levage d'animaux de production en Suisse reste sain, durable et comp\\u00e9titif.<\\\/p>\",\"margin\":\"medium\",\"maxwidth\":\"2xlarge\",\"text_align\":\"center\",\"text_color\":\"emphasis\",\"text_style\":\"lead\"}},{\"type\":\"button\",\"props\":{\"fullwidth\":false,\"grid_column_gap\":\"small\",\"grid_row_gap\":\"small\",\"margin\":\"default\",\"text_align\":\"center\"},\"children\":[{\"type\":\"button_item\",\"props\":{\"button_style\":\"primary\",\"content\":\"Mehr erfahren\",\"content_fr_fr\":\"Savoir plus\",\"dialog_layout\":\"modal\",\"dialog_offcanvas_flip\":true,\"icon\":\"arrow-down\",\"icon_align\":\"left\",\"link\":\"#inhalt\"}}]}]}]}]},{\"name\":\"Tools\",\"type\":\"section\",\"props\":{\"animation\":\"slide-bottom-medium\",\"animation_delay\":\"200\",\"id\":\"inhalt\",\"image_position\":\"center-center\",\"padding\":\"large\",\"style\":\"default\",\"title_breakpoint\":\"xl\",\"title_position\":\"top-left\",\"title_rotation\":\"left\",\"vertical_align\":\"\",\"width\":\"default\"},\"children\":[{\"type\":\"row\",\"children\":[{\"type\":\"column\",\"props\":{\"image_position\":\"center-center\",\"position_sticky_breakpoint\":\"m\",\"width_medium\":\"1-1\"},\"children\":[{\"type\":\"grid\",\"props\":{\"animation\":\"slide-bottom-small\",\"content_column_breakpoint\":\"m\",\"filter_align\":\"left\",\"filter_all\":true,\"filter_grid_breakpoint\":\"m\",\"filter_grid_width\":\"auto\",\"filter_position\":\"top\",\"filter_style\":\"tab\",\"grid_column_gap\":\"large\",\"grid_default\":\"1\",\"grid_divider\":false,\"grid_medium\":\"\",\"grid_row_gap\":\"large\",\"grid_small\":\"2\",\"icon_width\":80,\"image_align\":\"top\",\"image_grid_breakpoint\":\"m\",\"image_grid_width\":\"1-2\",\"image_svg_animate\":true,\"image_svg_color\":\"secondary\",\"image_svg_inline\":true,\"item_animation\":true,\"lightbox_bg_close\":true,\"link_style\":\"default\",\"link_text\":\"Read more\",\"margin\":\"default\",\"meta_align\":\"below-title\",\"meta_element\":\"div\",\"meta_style\":\"text-meta\",\"parallax_easing\":\"1\",\"show_content\":true,\"show_hover_image\":true,\"show_hover_video\":true,\"show_image\":true,\"show_link\":true,\"show_meta\":true,\"show_title\":true,\"show_video\":true,\"text_align\":\"left\",\"text_align_breakpoint\":\"m\",\"text_align_fallback\":\"center\",\"title_align\":\"top\",\"title_element\":\"h3\",\"title_grid_breakpoint\":\"m\",\"title_grid_width\":\"1-2\",\"title_hover_style\":\"reset\"},\"children\":[{\"type\":\"grid_item\",\"props\":{\"content\":\"\n\n<p>Im Bereich <strong>Rind<\\\/strong> arbeitet die <strong>NTGS<\\\/strong> eng mit der <strong>Rindergesundheit Schweiz (RGS)<\\\/strong> zusammen, das als vom Bund anerkannter Tiergesundheitsdienst direkt dem Tr\\u00e4gerverein NTGS angegliedert ist. <strong>RGS<\\\/strong> versteht sich als Bindeglied zwischen Tiermedizin und Landwirtschaft, der u.a. Gesundheitskonzepte und -programme entwickelt und vermittelt, Betriebe und Bestandestier\\u00e4rzte:innen bei Bestandesproblemen unterst\\u00fctzt und Fort- und Weiterbildungen anbietet.\\u00a0<\\\/p>\",\"content_fr_fr\":\"\n\n<p style=\\\"text-align: left;\\\">Dans le domaine du b\\u00e9tail, la NTGS collabore \\u00e9troitement avec la <strong>Sant\\u00e9 Bovins Suisse (SBS)<\\\/strong>, qui est un service de sant\\u00e9 animale reconnu par le gouvernement et directement rattach\\u00e9 \\u00e0 l'association fa\\u00eeti\\u00e8re NTGS. <strong>SBS<\\\/strong> consid\\u00e8re comme un lien entre la m\\u00e9decine v\\u00e9t\\u00e9rinaire et l'agriculture, d\\u00e9veloppant et diffusant notamment des concepts et programmes de sant\\u00e9, soutenant les exploitations et les v\\u00e9t\\u00e9rinaires de troupeau en cas de probl\\u00e8mes de troupeau, et proposant des formations continues et sp\\u00e9cialis\\u00e9es.<\\\/p>\",\"image\":\"\",\"title\":\"Enge Zusammenarbeit mit RGS\",\"title_fr_fr\":\"Collaboration \\u00e9troite avec SBS\"}},{\"type\":\"grid_item\",\"props\":{\"content\":\"\n\n<p>Der <strong>Schweizer K\\u00e4lbergesundheitsdienst (KGD)<\\\/strong> wurde im Jahr 2025 in die RGS vollst\\u00e4ndig integriert. So entsteht ein starker Verbund, der Pr\\u00e4vention, Tierwohl und -gesundheit, verantwortungsvollen Arzneimitteleinsatz und wirtschaftliche Herdenf\\u00fchrung voranbringt und die Ziele der nationalen Tiergesundheitsstrategie im Bereich der Rinder- und K\\u00e4lberhaltung wirkungsvoll unterst\\u00fctzt.<\\\/p>\",\"content_fr_fr\":\"\n\n<p>Le Service de <strong>Service Sanitaire Veaux (SSV)<\\\/strong> a \\u00e9t\\u00e9 enti\\u00e8rement int\\u00e9gr\\u00e9 dans la SBS en 2025. Cela cr\\u00e9e un r\\u00e9seau solide qui promeut la pr\\u00e9vention, le bien-\\u00eatre et la sant\\u00e9 animale, l'utilisation responsable des m\\u00e9dicaments v\\u00e9t\\u00e9rinaires, ainsi qu'une gestion \\u00e9conomique des troupeaux, tout en soutenant efficacement les objectifs de la strat\\u00e9gie nationale de sant\\u00e9 animale dans les secteurs de l'\\u00e9levage de bovins et de veaux.<\\\/p>\",\"image\":\"\",\"title\":\"Integration von KGD\",\"title_fr_fr\":\"Int\\u00e9gration de SSV\"}}]}]}]}]},{\"name\":\"Fixed-Image Block\",\"type\":\"section\",\"props\":{\"animation\":\"scale-down\",\"animation_delay\":\"200\",\"image\":\"wp-content\\\/uploads\\\/2025\\\/10\\\/6590.jpg\",\"image_effect\":\"fixed\",\"image_position\":\"center-center\",\"image_width\":3000,\"media_overlay\":\"rgba(0, 0, 0, 0.5)\",\"padding\":\"large\",\"style\":\"primary\",\"title\":\"Special Offer\",\"title_breakpoint\":\"xl\",\"title_position\":\"center-right\",\"title_rotation\":\"left\",\"vertical_align\":\"\",\"width\":\"default\"},\"children\":[{\"type\":\"row\",\"children\":[{\"type\":\"column\",\"props\":{\"image_position\":\"center-center\",\"position_sticky_breakpoint\":\"m\",\"vertical_align\":\"middle\"},\"children\":[{\"type\":\"text\",\"props\":{\"block_align\":\"center\",\"column_breakpoint\":\"m\",\"content\":\"\n\n<p>F\\u00fcr weitere Informationen, aktuelle Meldungen, umfangreiche Fachinformationen, n\\u00e4chste Weiterbildungstermine siehe auch die RGS-Homepage:<\\\/p>\",\"content_fr_fr\":\"\n\n<p>Pour plus d'informations, actualit\\u00e9s, informations sp\\u00e9cialis\\u00e9es et les prochaines dates de formation, veuillez consulter le site web de SBS:<\\\/p>\",\"margin\":\"default\",\"maxwidth\":\"xlarge\",\"text_align\":\"center\",\"text_color\":\"primary\",\"text_style\":\"lead\"}},{\"type\":\"button\",\"props\":{\"grid_column_gap\":\"small\",\"grid_row_gap\":\"small\",\"margin\":\"default\",\"text_align\":\"center\"},\"children\":[{\"type\":\"button_item\",\"props\":{\"button_style\":\"primary\",\"content\":\"www.rgs-ntgs.ch\",\"content_fr_fr\":\"www.rgs-ntgs.ch\",\"dialog_layout\":\"modal\",\"dialog_offcanvas_flip\":true,\"icon\":\"link-external\",\"icon_align\":\"left\",\"link\":\"https:\\\/\\\/www.rgs-ntgs.ch\\\/\",\"link_target\":\"blank\",\"link_title_fr_fr\":\"https:\\\/\\\/www.rgs-ntgs.ch\\\/\"}}]}]}]}]}],\"version\":\"4.5.32\",\"yooessentialsVersion\":\"2.4.12\"} --><\/p>\n","protected":false},"excerpt":{"rendered":"<p>TGD &#8211; Rind Der Verein Nutztiergesundheit Schweiz (NTGS) setzt sich daf\u00fcr ein, dass die Nutztierhaltung in der Schweiz gesund, zukunftsf\u00e4hig und wettbewerbsf\u00e4hig bleibt. Mehr erfahren Enge Zusammenarbeit mit RGS Im Bereich Rind arbeitet die NTGS eng mit der Rindergesundheit Schweiz (RGS) zusammen, das als vom Bund anerkannter Tiergesundheitsdienst direkt dem Tr\u00e4gerverein NTGS angegliedert ist. RGS [&hellip;]<\/p>\n","protected":false},"author":1,"featured_media":0,"parent":2427,"menu_order":0,"comment_status":"closed","ping_status":"closed","template":"","meta":{"_acf_changed":false,"footnotes":""},"class_list":["post-2429","page","type-page","status-publish","hentry"],"acf":[],"_links":{"self":[{"href":"https:\/\/www.nutztiergesundheit-schweiz.ch\/fr\/wp-json\/wp\/v2\/pages\/2429","targetHints":{"allow":["GET"]}}],"collection":[{"href":"https:\/\/www.nutztiergesundheit-schweiz.ch\/fr\/wp-json\/wp\/v2\/pages"}],"about":[{"href":"https:\/\/www.nutztiergesundheit-schweiz.ch\/fr\/wp-json\/wp\/v2\/types\/page"}],"author":[{"embeddable":true,"href":"https:\/\/www.nutztiergesundheit-schweiz.ch\/fr\/wp-json\/wp\/v2\/users\/1"}],"replies":[{"embeddable":true,"href":"https:\/\/www.nutztiergesundheit-schweiz.ch\/fr\/wp-json\/wp\/v2\/comments?post=2429"}],"version-history":[{"count":44,"href":"https:\/\/www.nutztiergesundheit-schweiz.ch\/fr\/wp-json\/wp\/v2\/pages\/2429\/revisions"}],"predecessor-version":[{"id":3894,"href":"https:\/\/www.nutztiergesundheit-schweiz.ch\/fr\/wp-json\/wp\/v2\/pages\/2429\/revisions\/3894"}],"up":[{"embeddable":true,"href":"https:\/\/www.nutztiergesundheit-schweiz.ch\/fr\/wp-json\/wp\/v2\/pages\/2427"}],"wp:attachment":[{"href":"https:\/\/www.nutztiergesundheit-schweiz.ch\/fr\/wp-json\/wp\/v2\/media?parent=2429"}],"curies":[{"name":"wp","href":"https:\/\/api.w.org\/{rel}","templated":true}]}}