{"id":2427,"date":"2025-11-04T18:21:04","date_gmt":"2025-11-04T16:21:04","guid":{"rendered":"https:\/\/www.nutztiergesundheit-schweiz.ch\/?page_id=2427"},"modified":"2026-02-11T11:39:36","modified_gmt":"2026-02-11T10:39:36","slug":"tiergesundheitsdienste","status":"publish","type":"page","link":"https:\/\/www.nutztiergesundheit-schweiz.ch\/fr\/tiergesundheitsdienste\/","title":{"rendered":"Tiergesundheitsdienste"},"content":{"rendered":"<h2>Tiergesundheitsdienste (TGD)<\/h2>\n<p><p>\n        <a href=\"\/fachinformationen\/\">Fachinformationen anzeigen<\/a>\n    <\/p>\n<\/p>\n<div>\n<p>Die NTGS arbeitet in enger Zusammenarbeit mit den TGD, bietet Austauschplattformen und vernetzt verschiedene Partner in der Branche.<\/p>\n<\/p>\n<p>Der Einsatz der Tiergesundheitsdienste basiert auf klaren gesetzlichen Grundlagen, insbesondere der \u201eVerordnung \u00fcber die Unterst\u00fctzung der Tiergesundheitsdienste\u201c (TGDV). Diese regelt ihre Aufgaben, Qualit\u00e4tsanforderungen und die Zusammenarbeit mit dem Bund und den Kantonen.<\/p>\n<p>Die Tiergesundheitsdienste in der Schweiz unterst\u00fctzen Landwirt:innen und Tier\u00e4rzte dabei, ihre Nutztiere gesund und wohlauf zu halten. In enger Zusammenarbeit mit Betriebsier\u00e4rztinnen und -tier\u00e4rzten erkennen sie Krankheiten fr\u00fch und beugen sie wirksam vor. Ein wichtiger Teil der Tiergesundheitsdienste ist die pers\u00f6nliche Beratung zu verschiedenen Themen, wie zum Beispiel zur Haltung, F\u00fctterung und Hygiene, damit die Tiere jeden Tag die bestm\u00f6glichen Bedingungen haben. Mithilfe des Bestandeschecks helfen sie, gesundheitliche Risiken fr\u00fchzeitig zu erkennen und gemeinsam passende L\u00f6sungen zu entwickeln.\u00a0 Die Tiergesundheitsdienste setzen auch moderne Pr\u00e4ventions- und Gesundheitsprogramme ein, die langfristig zu robusten und widerstandsf\u00e4higen Tierbest\u00e4nden beitragen.<\/p>\n<p>Durch praxisorientierte Weiterbildungen, und in enger Zusammenarbeit mit den Beh\u00f6rden, unterst\u00fctzen sie Tierhalter:innen und Tier\u00e4rzt:innen dabei, ihr Wissen kontinuierlich zu erweitern.<\/p>\n<p>So leisten die Tiergesundheitsdienste einen wichtigen und verl\u00e4sslichen Beitrag zum Tierwohl, zur Lebensmittelsicherheit und zu einer zukunftsf\u00e4higen Nutztierhaltung in der ganzen Schweiz.<\/p>\n<\/div>\n<ul>\n<li>\n<p>        <img decoding=\"async\" src=\"\/wp-content\/uploads\/2025\/11\/shutterstock_2389648139-1.jpg\" alt=\"\"><\/p>\n<h3>Rinder<\/h3>\n<p><a href=\"\/tiergesundheitsdienste\/rinder\/\"><\/a><\/p>\n<\/li>\n<li>\n<p>        <img decoding=\"async\" src=\"\/wp-content\/uploads\/2025\/11\/shutterstock_520523674.jpg\" alt=\"\"><\/p>\n<h3>Schweine<\/h3>\n<p><a href=\"\/tiergesundheitsdienste\/schweine\/\"><\/a><\/p>\n<\/li>\n<li>\n<p>        <img decoding=\"async\" src=\"\/wp-content\/uploads\/2025\/11\/shutterstock_1232202061.jpg\" alt=\"\"><\/p>\n<h3>Kleine Wiederk\u00e4uer<\/h3>\n<p><a href=\"\/tiergesundheitsdienste\/tgd-kleine-wdk\/\"><\/a><\/p>\n<\/li>\n<li>\n<p>        <img decoding=\"async\" src=\"\/wp-content\/uploads\/2025\/11\/shutterstock_1802737819.jpg\" alt=\"\"><\/p>\n<h3>Gefl\u00fcgel<\/h3>\n<p><a href=\"\/tiergesundheitsdienste\/tgd-gefluegel\/\"><\/a><\/p>\n<\/li>\n<\/ul>\n<p><!--more--><br \/>\n<!-- {\"type\":\"layout\",\"children\":[{\"name\":\"Gallery\",\"type\":\"section\",\"props\":{\"animation\":\"slide-bottom-medium\",\"animation_delay\":\"200\",\"id\":\"plugins\",\"image_position\":\"top-center\",\"padding\":\"large\",\"padding_remove_bottom\":false,\"padding_remove_top\":false,\"style\":\"default\",\"title_breakpoint\":\"xl\",\"title_position\":\"top-left\",\"title_rotation\":\"left\",\"vertical_align\":\"\",\"width\":\"default\"},\"children\":[{\"type\":\"row\",\"props\":{\"layout\":\"1-2,1-2\",\"margin\":\"large\",\"margin_remove_top\":true},\"children\":[{\"type\":\"column\",\"props\":{\"image_position\":\"center-center\",\"position_sticky_breakpoint\":\"m\",\"width_small\":\"1-2\"},\"children\":[{\"type\":\"headline\",\"props\":{\"content\":\"Tiergesundheitsdienste (TGD)\",\"content_fr_fr\":\"Services de sant\\u00e9 animale\",\"margin\":\"large\",\"margin_remove_top\":true,\"title_element\":\"h2\",\"title_style\":\"h1\"}}]},{\"type\":\"column\",\"props\":{\"image_position\":\"center-center\",\"position_sticky_breakpoint\":\"m\",\"width_small\":\"1-2\"},\"children\":[{\"type\":\"button\",\"props\":{\"grid_column_gap\":\"small\",\"grid_row_gap\":\"small\",\"margin\":\"default\",\"text_align\":\"right\",\"text_align_breakpoint\":\"s\",\"text_align_fallback\":\"left\"},\"children\":[{\"type\":\"button_item\",\"props\":{\"button_style\":\"default\",\"content\":\"Fachinformationen anzeigen\",\"content_fr_fr\":\"afficher les informations sp\\u00e9cialis\\u00e9es\",\"dialog_layout\":\"modal\",\"dialog_offcanvas_flip\":true,\"icon\":\"arrow-right\",\"icon_align\":\"right\",\"link\":\"fachinformationen\\\/\",\"link_fr_fr\":\"fachinformationen\\\/\"}}]}]}]},{\"type\":\"row\",\"children\":[{\"type\":\"column\",\"props\":{\"image_position\":\"center-center\",\"position_sticky_breakpoint\":\"m\",\"width_small\":\"1-1\"},\"children\":[{\"type\":\"text\",\"props\":{\"column\":\"1-2\",\"column_breakpoint\":\"m\",\"content\":\"\n\n<p>Die NTGS arbeitet in enger Zusammenarbeit mit den TGD, bietet Austauschplattformen und vernetzt verschiedene Partner in der Branche.<\\\/p>\\n\n\n<p><\\\/p>\\n\n\n<p>Der Einsatz der Tiergesundheitsdienste basiert auf klaren gesetzlichen Grundlagen, insbesondere der \\u201eVerordnung \\u00fcber die Unterst\\u00fctzung der Tiergesundheitsdienste\\u201c (TGDV). Diese regelt ihre Aufgaben, Qualit\\u00e4tsanforderungen und die Zusammenarbeit mit dem Bund und den Kantonen.<\\\/p>\\n\n\n<p>Die Tiergesundheitsdienste in der Schweiz unterst\\u00fctzen Landwirt:innen und Tier\\u00e4rzte dabei, ihre Nutztiere gesund und wohlauf zu halten. In enger Zusammenarbeit mit Betriebsier\\u00e4rztinnen und -tier\\u00e4rzten erkennen sie Krankheiten fr\\u00fch und beugen sie wirksam vor. Ein wichtiger Teil der Tiergesundheitsdienste ist die pers\\u00f6nliche Beratung zu verschiedenen Themen, wie zum Beispiel zur Haltung, F\\u00fctterung und Hygiene, damit die Tiere jeden Tag die bestm\\u00f6glichen Bedingungen haben. Mithilfe des Bestandeschecks helfen sie, gesundheitliche Risiken fr\\u00fchzeitig zu erkennen und gemeinsam passende L\\u00f6sungen zu entwickeln.\\u00a0 Die Tiergesundheitsdienste setzen auch moderne Pr\\u00e4ventions- und Gesundheitsprogramme ein, die langfristig zu robusten und widerstandsf\\u00e4higen Tierbest\\u00e4nden beitragen.<\\\/p>\\n\n\n<p>Durch praxisorientierte Weiterbildungen, und in enger Zusammenarbeit mit den Beh\\u00f6rden, unterst\\u00fctzen sie Tierhalter:innen und Tier\\u00e4rzt:innen dabei, ihr Wissen kontinuierlich zu erweitern.<\\\/p>\\n\n\n<p>So leisten die Tiergesundheitsdienste einen wichtigen und verl\\u00e4sslichen Beitrag zum Tierwohl, zur Lebensmittelsicherheit und zu einer zukunftsf\\u00e4higen Nutztierhaltung in der ganzen Schweiz.<\\\/p>\",\"content_fr_fr\":\"\n\n<p data-start=\\\"86\\\" data-end=\\\"228\\\">La NTGS travaille en \\u00e9troite collaboration avec les SSA, propose des plateformes d\\u2019\\u00e9change et met en r\\u00e9seau diff\\u00e9rents partenaires du secteur.<\\\/p>\\n\n\n<p data-start=\\\"230\\\" data-end=\\\"522\\\">L\\u2019engagement des services de sant\\u00e9 animale repose sur des bases l\\u00e9gales claires, en particulier sur l\\u2019\\u00ab ordonnance sur le soutien aux services de sant\\u00e9 animale \\u00bb (OSSA). Celle-ci d\\u00e9finit leurs missions, les exigences de qualit\\u00e9 ainsi que la collaboration avec la Conf\\u00e9d\\u00e9ration et les cantons.<\\\/p>\\n\n\n<p data-start=\\\"524\\\" data-end=\\\"1402\\\">En Suisse, les services de sant\\u00e9 animale soutiennent les agricultrices et agriculteurs ainsi que les v\\u00e9t\\u00e9rinaires afin de maintenir les animaux de rente en bonne sant\\u00e9 et en bon \\u00e9tat. En \\u00e9troite collaboration avec les v\\u00e9t\\u00e9rinaires d\\u2019exploitation, ils d\\u00e9tectent les maladies \\u00e0 un stade pr\\u00e9coce et les pr\\u00e9viennent efficacement. Une part essentielle de leur activit\\u00e9 consiste en un conseil personnalis\\u00e9 sur diff\\u00e9rents th\\u00e8mes, tels que la d\\u00e9tention, l\\u2019alimentation et l\\u2019hygi\\u00e8ne, afin d\\u2019offrir aux animaux les meilleures conditions possibles au quotidien. Gr\\u00e2ce au contr\\u00f4le des troupeaux, ils contribuent \\u00e0 identifier pr\\u00e9cocement les risques sanitaires et \\u00e0 d\\u00e9velopper conjointement des solutions adapt\\u00e9es. Les services de sant\\u00e9 animale mettent \\u00e9galement en \\u0153uvre des programmes modernes de pr\\u00e9vention et de sant\\u00e9, qui contribuent \\u00e0 long terme \\u00e0 des troupeaux robustes et r\\u00e9sistants.<\\\/p>\\n\n\n<p data-start=\\\"1404\\\" data-end=\\\"1647\\\">Par le biais de formations continues ax\\u00e9es sur la pratique et en \\u00e9troite collaboration avec les autorit\\u00e9s, ils soutiennent les d\\u00e9tenteurs et d\\u00e9tentrices d\\u2019animaux ainsi que les v\\u00e9t\\u00e9rinaires dans le d\\u00e9veloppement continu de leurs connaissances.<\\\/p>\\n\n\n<p data-start=\\\"1649\\\" data-end=\\\"1847\\\">Ainsi, les services de sant\\u00e9 animale apportent une contribution importante et fiable au bien-\\u00eatre animal, \\u00e0 la s\\u00e9curit\\u00e9 alimentaire et \\u00e0 un \\u00e9levage durable des animaux de rente dans toute la Suisse.<\\\/p>\",\"margin\":\"default\",\"text_align\":\"left\"}}]}]},{\"type\":\"row\",\"children\":[{\"type\":\"column\",\"props\":{\"image_position\":\"center-center\",\"position_sticky_breakpoint\":\"m\",\"width_small\":\"1-1\"},\"children\":[{\"type\":\"grid\",\"props\":{\"content_column_breakpoint\":\"m\",\"filter_align\":\"left\",\"filter_all\":true,\"filter_grid_breakpoint\":\"m\",\"filter_grid_width\":\"auto\",\"filter_position\":\"top\",\"filter_style\":\"tab\",\"grid_default\":\"1\",\"grid_medium\":\"3\",\"grid_small\":\"2\",\"icon_width\":80,\"image_align\":\"top\",\"image_grid_breakpoint\":\"m\",\"image_grid_width\":\"1-2\",\"image_height\":400,\"image_svg_color\":\"emphasis\",\"image_width\":\"600\",\"item_animation\":true,\"lightbox_bg_close\":true,\"link_style\":\"default\",\"link_text\":\"\",\"margin\":\"default\",\"meta_align\":\"below-title\",\"meta_element\":\"div\",\"meta_margin\":\"small\",\"meta_style\":\"text-meta\",\"panel_image_no_padding\":true,\"panel_link\":true,\"panel_link_hover\":\"true\",\"panel_padding\":\"default\",\"panel_style\":\"card-default\",\"parallax_easing\":\"1\",\"show_content\":true,\"show_hover_image\":true,\"show_hover_video\":true,\"show_image\":true,\"show_link\":true,\"show_meta\":true,\"show_title\":true,\"show_video\":true,\"title_align\":\"top\",\"title_element\":\"h3\",\"title_grid_breakpoint\":\"m\",\"title_grid_width\":\"1-2\",\"title_hover_style\":\"reset\",\"title_style\":\"h4\"},\"children\":[{\"type\":\"grid_item\",\"props\":{\"image\":\"wp-content\\\/uploads\\\/2025\\\/11\\\/shutterstock_2389648139-1.jpg\",\"item_element\":\"article\",\"link\":\"tiergesundheitsdienste\\\/rinder\\\/\",\"link_fr_fr\":\"\\\/fr\\\/tiergesundheitsdienste\\\/rinder\\\/\",\"meta\":\"\",\"title\":\"Rinder\",\"title_fr_fr\":\"Bovins\"}},{\"type\":\"grid_item\",\"props\":{\"image\":\"wp-content\\\/uploads\\\/2025\\\/11\\\/shutterstock_520523674.jpg\",\"item_element\":\"article\",\"link\":\"tiergesundheitsdienste\\\/schweine\\\/\",\"link_fr_fr\":\"\\\/fr\\\/tiergesundheitsdienste\\\/schweine\\\/\",\"meta\":\"\",\"title\":\"Schweine\",\"title_fr_fr\":\"Porcs\"}},{\"type\":\"grid_item\",\"props\":{\"image\":\"wp-content\\\/uploads\\\/2025\\\/11\\\/shutterstock_1232202061.jpg\",\"item_element\":\"article\",\"link\":\"tiergesundheitsdienste\\\/tgd-kleine-wdk\\\/\",\"link_fr_fr\":\"\\\/fr\\\/tiergesundheitsdienste\\\/tgd-kleine-wdk\\\/\",\"meta\":\"\",\"title\":\"Kleine Wiederk\\u00e4uer\",\"title_fr_fr\":\"Petits ruminants\"}},{\"type\":\"grid_item\",\"props\":{\"image\":\"wp-content\\\/uploads\\\/2025\\\/11\\\/shutterstock_1802737819.jpg\",\"item_element\":\"article\",\"link\":\"tiergesundheitsdienste\\\/tgd-gefluegel\\\/\",\"link_fr_fr\":\"\\\/fr\\\/tiergesundheitsdienste\\\/tgd-gefluegel\\\/\",\"meta\":\"\",\"title\":\"Gefl\\u00fcgel\",\"title_fr_fr\":\"Volailles\"}}]}]}],\"props\":{\"margin\":\"large\"}}]}],\"version\":\"4.5.32\",\"yooessentialsVersion\":\"2.4.12\"} --><\/p>\n","protected":false},"excerpt":{"rendered":"<p>Tiergesundheitsdienste (TGD) Fachinformationen anzeigen Die NTGS arbeitet in enger Zusammenarbeit mit den TGD, bietet Austauschplattformen und vernetzt verschiedene Partner in der Branche. Der Einsatz der Tiergesundheitsdienste basiert auf klaren gesetzlichen Grundlagen, insbesondere der \u201eVerordnung \u00fcber die Unterst\u00fctzung der Tiergesundheitsdienste\u201c (TGDV). Diese regelt ihre Aufgaben, Qualit\u00e4tsanforderungen und die Zusammenarbeit mit dem Bund und den Kantonen. Die [&hellip;]<\/p>\n","protected":false},"author":1,"featured_media":0,"parent":0,"menu_order":0,"comment_status":"closed","ping_status":"closed","template":"","meta":{"_acf_changed":false,"footnotes":""},"class_list":["post-2427","page","type-page","status-publish","hentry"],"acf":[],"_links":{"self":[{"href":"https:\/\/www.nutztiergesundheit-schweiz.ch\/fr\/wp-json\/wp\/v2\/pages\/2427","targetHints":{"allow":["GET"]}}],"collection":[{"href":"https:\/\/www.nutztiergesundheit-schweiz.ch\/fr\/wp-json\/wp\/v2\/pages"}],"about":[{"href":"https:\/\/www.nutztiergesundheit-schweiz.ch\/fr\/wp-json\/wp\/v2\/types\/page"}],"author":[{"embeddable":true,"href":"https:\/\/www.nutztiergesundheit-schweiz.ch\/fr\/wp-json\/wp\/v2\/users\/1"}],"replies":[{"embeddable":true,"href":"https:\/\/www.nutztiergesundheit-schweiz.ch\/fr\/wp-json\/wp\/v2\/comments?post=2427"}],"version-history":[{"count":55,"href":"https:\/\/www.nutztiergesundheit-schweiz.ch\/fr\/wp-json\/wp\/v2\/pages\/2427\/revisions"}],"predecessor-version":[{"id":3971,"href":"https:\/\/www.nutztiergesundheit-schweiz.ch\/fr\/wp-json\/wp\/v2\/pages\/2427\/revisions\/3971"}],"wp:attachment":[{"href":"https:\/\/www.nutztiergesundheit-schweiz.ch\/fr\/wp-json\/wp\/v2\/media?parent=2427"}],"curies":[{"name":"wp","href":"https:\/\/api.w.org\/{rel}","templated":true}]}}