{"id":2687,"date":"2025-12-05T14:36:18","date_gmt":"2025-12-05T13:36:18","guid":{"rendered":"https:\/\/www.nutztiergesundheit-schweiz.ch\/?page_id=2687"},"modified":"2026-03-02T10:42:46","modified_gmt":"2026-03-02T09:42:46","slug":"forschung-rindermedizin","status":"publish","type":"page","link":"https:\/\/www.nutztiergesundheit-schweiz.ch\/fachinformationen\/forschung-rindermedizin\/","title":{"rendered":"Forschung Rindermedizin"},"content":{"rendered":"<h1><span>Forschung Rindermedizin<\/span><\/h1>\n<div>\n<p><i><span>Hier erhalten Sie einen \u00dcberblick zu laufenden sowie bereits abgeschlossenen Forschungsarbeiten jeglichen Grades im Bereich der Rindermedizin. Die Liste wird fortlaufend erg\u00e4nzt und aktualisiert, enth\u00e4lt jedoch keinen Anspruch auf Vollst\u00e4ndigkeit. F\u00fcr weitere Informationen zu den einzelnen Projekten kontaktieren Sie bitte direkt die mit den Forschungsarbeiten vertrauten Fachpersonen oder das zust\u00e4ndige Forschungsinstitut.<\/span><\/i><\/p>\n<\/div>\n<div>\n<div id=\"aramis-sar\" style=\"text-align: center;\"><strong>ARAMIS &#8211; Forschungsdatenbank der Bundesverwaltung<\/strong><br \/>\nWeitere Informationen finden Sie hier: <a href=\"https:\/\/www.blv.admin.ch\/blv\/de\/home\/das-blv\/forschung\/uebersicht-forschungsprojekte-blv.html\">&Uuml;bersicht &uuml;ber alle Forschungsprojekte des BLV<\/a><\/div>\n<div>&nbsp;<\/div>\n<p><script async src=\"https:\/\/www.aramis.admin.ch\/sar\/app.js\"><\/script><\/p>\n<p><iframe onload=\"javascript:(function(o){window.addEventListener('message', function(event) { o.style.height = event.data + 'px'; });}(this));\" src=\"https:\/\/www.aramis.admin.ch\/sar\/\" style=\"width:100%;height:400px;border:0;\"><\/iframe><\/p>\n<\/div>\n<p><!--more--><br \/>\n<!-- {\"type\":\"layout\",\"children\":[{\"type\":\"section\",\"props\":{\"image_position\":\"center-center\",\"style\":\"default\",\"title_breakpoint\":\"xl\",\"title_position\":\"top-left\",\"title_rotation\":\"left\",\"vertical_align\":\"middle\",\"width\":\"default\"},\"children\":[{\"type\":\"row\",\"children\":[{\"type\":\"column\",\"props\":{\"image_position\":\"center-center\",\"position_sticky_breakpoint\":\"m\"},\"children\":[{\"type\":\"headline\",\"props\":{\"content\":\"<span>Forschung Rindermedizin<\\\/span>\",\"content_fr_fr\":\"\n\n<h1 class=\\\"\\\">Recherche m\\u00e9decine bovine<\\\/h1>\",\"title_element\":\"h1\"}},{\"type\":\"text\",\"props\":{\"column_breakpoint\":\"m\",\"content\":\"\n\n<p><i><span>Hier erhalten Sie einen \\u00dcberblick zu laufenden sowie bereits abgeschlossenen Forschungsarbeiten jeglichen Grades im Bereich der Rindermedizin. Die Liste wird fortlaufend erg\\u00e4nzt und aktualisiert, enth\\u00e4lt jedoch keinen Anspruch auf Vollst\\u00e4ndigkeit. F\\u00fcr weitere Informationen zu den einzelnen Projekten kontaktieren Sie bitte direkt die mit den Forschungsarbeiten vertrauten Fachpersonen oder das zust\\u00e4ndige Forschungsinstitut.<\\\/span><\\\/i><\\\/p>\",\"content_fr_fr\":\"\n\n<p>Voici un aper\\u00e7u des travaux de recherche en cours ainsi que des travaux d\\u00e9j\\u00e0 achev\\u00e9s, de tout niveau, dans le domaine de la m\\u00e9decine bovine. La liste est continuellement compl\\u00e9t\\u00e9e et mise \\u00e0 jour, mais ne pr\\u00e9tend pas \\u00eatre exhaustive. Pour de plus amples informations sur les diff\\u00e9rents projets, veuillez contacter directement les sp\\u00e9cialistes familiaris\\u00e9s avec les travaux de recherche ou l\\u2019institut de recherche comp\\u00e9tent.<\\\/p>\",\"margin\":\"default\"}}]}]}]},{\"type\":\"section\",\"props\":{\"image_position\":\"center-center\",\"style\":\"default\",\"title_breakpoint\":\"xl\",\"title_position\":\"top-left\",\"title_rotation\":\"left\",\"vertical_align\":\"middle\",\"width\":\"default\"},\"children\":[{\"type\":\"row\",\"children\":[{\"type\":\"column\",\"props\":{\"image_position\":\"center-center\",\"position_sticky_breakpoint\":\"m\"},\"children\":[{\"type\":\"html\",\"props\":{\"content\":\"\n\n<div id=\\\"aramis-sar\\\" style=\\\"text-align: center;\\\"><strong>ARAMIS - Forschungsdatenbank der Bundesverwaltung<\\\/strong><br \\\/>\\nWeitere Informationen finden Sie hier: <a href=\\\"https:\\\/\\\/www.blv.admin.ch\\\/blv\\\/de\\\/home\\\/das-blv\\\/forschung\\\/uebersicht-forschungsprojekte-blv.html\\\">&Uuml;bersicht &uuml;ber alle Forschungsprojekte des BLV<\\\/a><\\\/div>\\n\\n\n\n<div>&nbsp;<\\\/div>\\n<script async src=\\\"https:\\\/\\\/www.aramis.admin.ch\\\/sar\\\/app.js\\\"><\\\/script>\\n\\n\n\n<p><iframe onload=\\\"javascript:(function(o){window.addEventListener('message', function(event) { o.style.height = event.data + 'px'; });}(this));\\\" src=\\\"https:\\\/\\\/www.aramis.admin.ch\\\/sar\\\/\\\" style=\\\"width:100%;height:400px;border:0;\\\"><\\\/iframe><\\\/p>\\n\",\"content_fr_fr\":\"\n\n<div>&nbsp;<\\\/div>\\n<script async src=\\\"https:\\\/\\\/www.aramis.admin.ch\\\/sar\\\/app.js\\\"><\\\/script>\\n\\n\n\n<p><iframe onload=\\\"javascript:(function(o){window.addEventListener('message', function(event) { o.style.height = event.data + 'px'; });}(this));\\\" src=\\\"https:\\\/\\\/www.aramis.admin.ch\\\/sar\\\/\\\" style=\\\"width:100%;height:400px;border:0;\\\"><\\\/iframe><\\\/p>\\n\"}}]}]}]}],\"version\":\"4.5.32\",\"yooessentialsVersion\":\"2.4.12\"} --><\/p>\n","protected":false},"excerpt":{"rendered":"<p>Forschung Rindermedizin Hier erhalten Sie einen \u00dcberblick zu laufenden sowie bereits abgeschlossenen Forschungsarbeiten jeglichen Grades im Bereich der Rindermedizin. Die Liste wird fortlaufend erg\u00e4nzt und aktualisiert, enth\u00e4lt jedoch keinen Anspruch auf Vollst\u00e4ndigkeit. F\u00fcr weitere Informationen zu den einzelnen Projekten kontaktieren Sie bitte direkt die mit den Forschungsarbeiten vertrauten Fachpersonen oder das zust\u00e4ndige Forschungsinstitut. ARAMIS &#8211; [&hellip;]<\/p>\n","protected":false},"author":4,"featured_media":0,"parent":21,"menu_order":0,"comment_status":"closed","ping_status":"closed","template":"","meta":{"_acf_changed":false,"footnotes":""},"class_list":["post-2687","page","type-page","status-publish","hentry"],"acf":[],"_links":{"self":[{"href":"https:\/\/www.nutztiergesundheit-schweiz.ch\/wp-json\/wp\/v2\/pages\/2687","targetHints":{"allow":["GET"]}}],"collection":[{"href":"https:\/\/www.nutztiergesundheit-schweiz.ch\/wp-json\/wp\/v2\/pages"}],"about":[{"href":"https:\/\/www.nutztiergesundheit-schweiz.ch\/wp-json\/wp\/v2\/types\/page"}],"author":[{"embeddable":true,"href":"https:\/\/www.nutztiergesundheit-schweiz.ch\/wp-json\/wp\/v2\/users\/4"}],"replies":[{"embeddable":true,"href":"https:\/\/www.nutztiergesundheit-schweiz.ch\/wp-json\/wp\/v2\/comments?post=2687"}],"version-history":[{"count":18,"href":"https:\/\/www.nutztiergesundheit-schweiz.ch\/wp-json\/wp\/v2\/pages\/2687\/revisions"}],"predecessor-version":[{"id":4020,"href":"https:\/\/www.nutztiergesundheit-schweiz.ch\/wp-json\/wp\/v2\/pages\/2687\/revisions\/4020"}],"up":[{"embeddable":true,"href":"https:\/\/www.nutztiergesundheit-schweiz.ch\/wp-json\/wp\/v2\/pages\/21"}],"wp:attachment":[{"href":"https:\/\/www.nutztiergesundheit-schweiz.ch\/wp-json\/wp\/v2\/media?parent=2687"}],"curies":[{"name":"wp","href":"https:\/\/api.w.org\/{rel}","templated":true}]}}