{"id":2646,"date":"2025-12-05T14:07:57","date_gmt":"2025-12-05T13:07:57","guid":{"rendered":"https:\/\/www.nutztiergesundheit-schweiz.ch\/?page_id=2646"},"modified":"2026-01-26T10:25:42","modified_gmt":"2026-01-26T09:25:42","slug":"forschung-schweinemedizin","status":"publish","type":"page","link":"https:\/\/www.nutztiergesundheit-schweiz.ch\/fachinformationen\/forschung-schweinemedizin\/","title":{"rendered":"Forschung Schweinemedizin"},"content":{"rendered":"<h1>Forschung Schweinemedizin<\/h1>\n<div>\n<p><i><span>Hier erhalten Sie einen \u00dcberblick zu laufenden sowie bereits abgeschlossenen Forschungsarbeiten jeglichen Grades im Bereich der Schweinemedizin. Die Liste wird fortlaufend erg\u00e4nzt und aktualisiert, enth\u00e4lt jedoch keinen Anspruch auf Vollst\u00e4ndigkeit. F\u00fcr weitere Informationen zu den einzelnen Projekten kontaktieren Sie bitte direkt die mit den Forschungsarbeiten vertrauten Fachpersonen oder das zust\u00e4ndige Forschungsinstitut.\u00a0 <\/span><\/i><strong>Bitte f\u00fcllen Sie das Formular aus und senden Sie es<\/strong><strong> an folgende Adresse:<span>\u00a0<\/span><\/strong><span>info@ntgs.ch<\/span><\/p>\n<\/div>\n<div>\n<p>Formulare:<\/p>\n<\/div>\n<ul>\n<li>\n<p>\n        <a href=\"\/wp-content\/uploads\/2025\/12\/Template_-Forschungsprojekte-Schweinemedizin_full.docx\">Forschungsprojekte Schweinemedizin full<\/a>\n    <\/p>\n<div>\n<p>test<\/p>\n<\/div>\n<\/li>\n<li>\n<p>\n        <a href=\"\/wp-content\/uploads\/2025\/12\/Template_-Forschungsprojekte-Schweinemedizin_short.docx\">Forschungsprojekte Schweinemedizin short<\/a>\n    <\/p>\n<div>\n<p>test<\/p>\n<\/div>\n<\/li>\n<\/ul>\n<div>\n<p>Weitere Unterlagen:<\/p>\n<\/div>\n<ul>\n<li>\n<p>\n        <a href=\"\/wp-content\/uploads\/2025\/12\/Forschung-Schweinemdizin-Template-Osteochondrose.pdf\">Forschung Schweinemdizin Template Osteochondrose<\/a>\n    <\/p>\n<div>\n<p>test<\/p>\n<\/div>\n<\/li>\n<li>\n<p>\n        <a href=\"\/wp-content\/uploads\/2025\/12\/Forschung-Schweinemedizin-Template-Soldig.pdf\">Forschung Schweinemedizin Template Soldig<\/a>\n    <\/p>\n<div>\n<p>test<\/p>\n<\/div>\n<\/li>\n<li>\n<p>\n        <a href=\"\/wp-content\/uploads\/2025\/12\/Forschung-Schweinemedizin-Template-Coliprotec.pdf\">Forschung Schweinemedizin Template Coliprotec<\/a>\n    <\/p>\n<div>\n<p>test<\/p>\n<\/div>\n<\/li>\n<li>\n<p>\n        <a href=\"\/wp-content\/uploads\/2025\/12\/Forschung-Schweinemedizin-Template-intraskrotale-Lokalanaesthesie-zur-Ferkelkastration.pdf\">Forschung Schweinemedizin Template intraskrotale Lokalan\u00e4sthesie zur Ferkelkastration<\/a>\n    <\/p>\n<div>\n<p>test<\/p>\n<\/div>\n<\/li>\n<li>\n<p>\n        <a href=\"\/wp-content\/uploads\/2025\/12\/Forschung-Schweinemedizin-Template-kurz_-Umsetzungsstudie-Samrt-Animal-Health-Jelscha-Truempler.pdf\">Forschung Schweinemedizin Template kurz_ Umsetzungsstudie Samrt Animal Health, Jelscha Tr\u00fcmpler<\/a>\n    <\/p>\n<div>\n<p>test<\/p>\n<\/div>\n<\/li>\n<li>\n<p>\n        <a href=\"\/wp-content\/uploads\/2025\/12\/Forschung-Schweinemedizin-Galli_MMA_ContactsPigDiseases.pdf\">Forschung Schweinemedizin Galli_MMA_ContactsPigDiseases<\/a>\n    <\/p>\n<div>\n<p>test<\/p>\n<\/div>\n<\/li>\n<li>\n<p>\n        <a href=\"\/wp-content\/uploads\/2025\/12\/Forschung-Schweinemedizin-PHIS-Pig-Health-Info-System.pdf\">Forschung Schweinemedizin PHIS Pig Health Info System<\/a>\n    <\/p>\n<div>\n<p>test<\/p>\n<\/div>\n<\/li>\n<\/ul>\n<div>\n<div id=\"aramis-sar\" style=\"text-align: center;\"><strong>ARAMIS &#8211; Forschungsdatenbank der Bundesverwaltung<\/strong><br \/>\nWeitere Informationen finden Sie hier: <a href=\"https:\/\/www.blv.admin.ch\/blv\/de\/home\/das-blv\/forschung\/uebersicht-forschungsprojekte-blv.html\">&Uuml;bersicht &uuml;ber alle Forschungsprojekte des BLV<\/a><\/div>\n<div>&nbsp;<\/div>\n<p><script async src=\"https:\/\/www.aramis.admin.ch\/sar\/app.js\"><\/script><\/p>\n<p><iframe onload=\"javascript:(function(o){window.addEventListener('message', function(event) { o.style.height = event.data + 'px'; });}(this));\" src=\"https:\/\/www.aramis.admin.ch\/sar\/\" style=\"width:100%;height:400px;border:0;\"><\/iframe><\/p>\n<\/div>\n<p><!--more--><br \/>\n<!-- {\"type\":\"layout\",\"children\":[{\"type\":\"section\",\"props\":{\"image_position\":\"center-center\",\"style\":\"default\",\"title_breakpoint\":\"xl\",\"title_position\":\"top-left\",\"title_rotation\":\"left\",\"vertical_align\":\"middle\",\"width\":\"default\"},\"children\":[{\"type\":\"row\",\"children\":[{\"type\":\"column\",\"props\":{\"image_position\":\"center-center\",\"position_sticky_breakpoint\":\"m\"},\"children\":[{\"type\":\"headline\",\"props\":{\"content\":\"Forschung Schweinemedizin\",\"content_fr_fr\":\"M\\u00e9dicine porcine - Recherche\",\"title_element\":\"h1\"}},{\"type\":\"text\",\"props\":{\"column\":\"1-2\",\"column_breakpoint\":\"m\",\"content\":\"\n\n<p><i><span>Hier erhalten Sie einen \\u00dcberblick zu laufenden sowie bereits abgeschlossenen Forschungsarbeiten jeglichen Grades im Bereich der Schweinemedizin. Die Liste wird fortlaufend erg\\u00e4nzt und aktualisiert, enth\\u00e4lt jedoch keinen Anspruch auf Vollst\\u00e4ndigkeit. F\\u00fcr weitere Informationen zu den einzelnen Projekten kontaktieren Sie bitte direkt die mit den Forschungsarbeiten vertrauten Fachpersonen oder das zust\\u00e4ndige Forschungsinstitut.\\u00a0 <\\\/span><\\\/i><strong>Bitte f\\u00fcllen Sie das Formular aus und senden Sie es<\\\/strong><strong> an folgende Adresse:<span>\\u00a0<\\\/span><\\\/strong><span>info@ntgs.ch<\\\/span><\\\/p>\",\"content_fr_fr\":\"\n\n<p>Vous trouverez ici une vue d'ensemble des travaux de recherche de tous niveaux, en cours ou termin\\u00e9s, dans le domaine de la m\\u00e9decine porcine. La liste est compl\\u00e9t\\u00e9e et actualis\\u00e9e en permanence, mais ne pr\\u00e9tend pas \\u00eatre exhaustive. Pour de plus amples informations sur les diff\\u00e9rents projets, veuillez contacter directement les sp\\u00e9cialistes en charge des travaux de recherche ou l'institut de recherche comp\\u00e9tent.<\\\/p>\",\"margin\":\"default\",\"text_align\":\"justify\"}},{\"type\":\"text\",\"props\":{\"column_breakpoint\":\"m\",\"content\":\"\n\n<p>Formulare:<\\\/p>\",\"margin\":\"default\"}},{\"type\":\"button\",\"props\":{\"grid_column_gap\":\"small\",\"grid_row_gap\":\"small\",\"margin\":\"default\"},\"children\":[{\"type\":\"button_item\",\"props\":{\"button_style\":\"default\",\"content\":\"Forschungsprojekte Schweinemedizin full\",\"dialog\":\"\n\n<p>test<\\\/p>\",\"dialog_layout\":\"modal\",\"dialog_offcanvas_flip\":true,\"icon\":\"move\",\"icon_align\":\"left\",\"link\":\"wp-content\\\/uploads\\\/2025\\\/12\\\/Template_-Forschungsprojekte-Schweinemedizin_full.docx\"}},{\"type\":\"button_item\",\"props\":{\"button_style\":\"default\",\"content\":\"Forschungsprojekte Schweinemedizin short\",\"dialog\":\"\n\n<p>test<\\\/p>\",\"dialog_layout\":\"modal\",\"dialog_offcanvas_flip\":true,\"icon\":\"move\",\"icon_align\":\"left\",\"link\":\"wp-content\\\/uploads\\\/2025\\\/12\\\/Template_-Forschungsprojekte-Schweinemedizin_short.docx\"}}]},{\"type\":\"text\",\"props\":{\"column\":\"1-3\",\"column_breakpoint\":\"m\",\"content\":\"\n\n<p>Weitere Unterlagen:<\\\/p>\",\"margin\":\"default\"}},{\"type\":\"button\",\"props\":{\"button_size\":\"small\",\"grid_column_gap\":\"small\",\"grid_row_gap\":\"small\",\"margin\":\"default\"},\"children\":[{\"type\":\"button_item\",\"props\":{\"button_style\":\"default\",\"content\":\"Forschung Schweinemdizin Template Osteochondrose\",\"dialog\":\"\n\n<p>test<\\\/p>\",\"dialog_layout\":\"modal\",\"dialog_offcanvas_flip\":true,\"icon\":\"move\",\"icon_align\":\"left\",\"link\":\"wp-content\\\/uploads\\\/2025\\\/12\\\/Forschung-Schweinemdizin-Template-Osteochondrose.pdf\"}},{\"type\":\"button_item\",\"props\":{\"button_style\":\"default\",\"content\":\"Forschung Schweinemedizin Template Soldig\",\"dialog\":\"\n\n<p>test<\\\/p>\",\"dialog_layout\":\"modal\",\"dialog_offcanvas_flip\":true,\"icon\":\"move\",\"icon_align\":\"left\",\"link\":\"wp-content\\\/uploads\\\/2025\\\/12\\\/Forschung-Schweinemedizin-Template-Soldig.pdf\"}},{\"type\":\"button_item\",\"props\":{\"button_style\":\"default\",\"content\":\"Forschung Schweinemedizin Template Coliprotec\",\"dialog\":\"\n\n<p>test<\\\/p>\",\"dialog_layout\":\"modal\",\"dialog_offcanvas_flip\":true,\"icon\":\"move\",\"icon_align\":\"left\",\"link\":\"wp-content\\\/uploads\\\/2025\\\/12\\\/Forschung-Schweinemedizin-Template-Coliprotec.pdf\"}},{\"type\":\"button_item\",\"props\":{\"button_style\":\"default\",\"content\":\"Forschung Schweinemedizin Template intraskrotale Lokalan\\u00e4sthesie zur Ferkelkastration\",\"dialog\":\"\n\n<p>test<\\\/p>\",\"dialog_layout\":\"modal\",\"dialog_offcanvas_flip\":true,\"icon\":\"move\",\"icon_align\":\"left\",\"link\":\"wp-content\\\/uploads\\\/2025\\\/12\\\/Forschung-Schweinemedizin-Template-intraskrotale-Lokalanaesthesie-zur-Ferkelkastration.pdf\"}},{\"type\":\"button_item\",\"props\":{\"button_style\":\"default\",\"content\":\"Forschung Schweinemedizin Template kurz_ Umsetzungsstudie Samrt Animal Health, Jelscha Tr\\u00fcmpler\",\"dialog\":\"\n\n<p>test<\\\/p>\",\"dialog_layout\":\"modal\",\"dialog_offcanvas_flip\":true,\"icon\":\"move\",\"icon_align\":\"left\",\"link\":\"wp-content\\\/uploads\\\/2025\\\/12\\\/Forschung-Schweinemedizin-Template-kurz_-Umsetzungsstudie-Samrt-Animal-Health-Jelscha-Truempler.pdf\"}},{\"type\":\"button_item\",\"props\":{\"button_style\":\"default\",\"content\":\"Forschung Schweinemedizin Galli_MMA_ContactsPigDiseases\",\"dialog\":\"\n\n<p>test<\\\/p>\",\"dialog_layout\":\"modal\",\"dialog_offcanvas_flip\":true,\"icon\":\"move\",\"icon_align\":\"left\",\"link\":\"wp-content\\\/uploads\\\/2025\\\/12\\\/Forschung-Schweinemedizin-Galli_MMA_ContactsPigDiseases.pdf\"}},{\"type\":\"button_item\",\"props\":{\"button_style\":\"default\",\"content\":\"Forschung Schweinemedizin PHIS Pig Health Info System\",\"dialog\":\"\n\n<p>test<\\\/p>\",\"dialog_layout\":\"modal\",\"dialog_offcanvas_flip\":true,\"icon\":\"move\",\"icon_align\":\"left\",\"link\":\"wp-content\\\/uploads\\\/2025\\\/12\\\/Forschung-Schweinemedizin-PHIS-Pig-Health-Info-System.pdf\"}}]}]}]}]},{\"type\":\"section\",\"props\":{\"image_position\":\"center-center\",\"style\":\"default\",\"title_breakpoint\":\"xl\",\"title_position\":\"top-left\",\"title_rotation\":\"left\",\"vertical_align\":\"middle\",\"width\":\"default\"},\"children\":[{\"type\":\"row\",\"children\":[{\"type\":\"column\",\"props\":{\"image_position\":\"center-center\",\"position_sticky_breakpoint\":\"m\"},\"children\":[{\"type\":\"text\",\"props\":{\"column_breakpoint\":\"m\",\"content\":\"\\n\\n\n\n<div id=\\\"aramis-sar\\\" style=\\\"text-align: center;\\\"><strong>ARAMIS - Forschungsdatenbank der Bundesverwaltung<\\\/strong><br \\\/>\\nWeitere Informationen finden Sie hier: <a href=\\\"https:\\\/\\\/www.blv.admin.ch\\\/blv\\\/de\\\/home\\\/das-blv\\\/forschung\\\/uebersicht-forschungsprojekte-blv.html\\\">&Uuml;bersicht &uuml;ber alle Forschungsprojekte des BLV<\\\/a><\\\/div>\\n\\n\n\n<div>&nbsp;<\\\/div>\\n<script async src=\\\"https:\\\/\\\/www.aramis.admin.ch\\\/sar\\\/app.js\\\"><\\\/script>\\n\\n\n\n<p><iframe onload=\\\"javascript:(function(o){window.addEventListener('message', function(event) { o.style.height = event.data + 'px'; });}(this));\\\" src=\\\"https:\\\/\\\/www.aramis.admin.ch\\\/sar\\\/\\\" style=\\\"width:100%;height:400px;border:0;\\\"><\\\/iframe><\\\/p>\",\"margin\":\"default\"}}]}]}]},{\"type\":\"section\",\"props\":{\"image_position\":\"center-center\",\"style\":\"default\",\"title_breakpoint\":\"xl\",\"title_position\":\"top-left\",\"title_rotation\":\"left\",\"vertical_align\":\"middle\",\"width\":\"default\"},\"children\":[{\"type\":\"row\",\"children\":[{\"type\":\"column\",\"props\":{\"image_position\":\"center-center\",\"position_sticky_breakpoint\":\"m\"}}]}]}],\"version\":\"4.5.32\",\"yooessentialsVersion\":\"2.4.12\"} --><\/p>\n","protected":false},"excerpt":{"rendered":"<p>Forschung Schweinemedizin Hier erhalten Sie einen \u00dcberblick zu laufenden sowie bereits abgeschlossenen Forschungsarbeiten jeglichen Grades im Bereich der Schweinemedizin. Die Liste wird fortlaufend erg\u00e4nzt und aktualisiert, enth\u00e4lt jedoch keinen Anspruch auf Vollst\u00e4ndigkeit. F\u00fcr weitere Informationen zu den einzelnen Projekten kontaktieren Sie bitte direkt die mit den Forschungsarbeiten vertrauten Fachpersonen oder das zust\u00e4ndige Forschungsinstitut.\u00a0 Bitte f\u00fcllen [&hellip;]<\/p>\n","protected":false},"author":4,"featured_media":0,"parent":21,"menu_order":0,"comment_status":"closed","ping_status":"closed","template":"","meta":{"_acf_changed":false,"footnotes":""},"class_list":["post-2646","page","type-page","status-publish","hentry"],"acf":[],"_links":{"self":[{"href":"https:\/\/www.nutztiergesundheit-schweiz.ch\/wp-json\/wp\/v2\/pages\/2646","targetHints":{"allow":["GET"]}}],"collection":[{"href":"https:\/\/www.nutztiergesundheit-schweiz.ch\/wp-json\/wp\/v2\/pages"}],"about":[{"href":"https:\/\/www.nutztiergesundheit-schweiz.ch\/wp-json\/wp\/v2\/types\/page"}],"author":[{"embeddable":true,"href":"https:\/\/www.nutztiergesundheit-schweiz.ch\/wp-json\/wp\/v2\/users\/4"}],"replies":[{"embeddable":true,"href":"https:\/\/www.nutztiergesundheit-schweiz.ch\/wp-json\/wp\/v2\/comments?post=2646"}],"version-history":[{"count":31,"href":"https:\/\/www.nutztiergesundheit-schweiz.ch\/wp-json\/wp\/v2\/pages\/2646\/revisions"}],"predecessor-version":[{"id":3513,"href":"https:\/\/www.nutztiergesundheit-schweiz.ch\/wp-json\/wp\/v2\/pages\/2646\/revisions\/3513"}],"up":[{"embeddable":true,"href":"https:\/\/www.nutztiergesundheit-schweiz.ch\/wp-json\/wp\/v2\/pages\/21"}],"wp:attachment":[{"href":"https:\/\/www.nutztiergesundheit-schweiz.ch\/wp-json\/wp\/v2\/media?parent=2646"}],"curies":[{"name":"wp","href":"https:\/\/api.w.org\/{rel}","templated":true}]}}