{"id":1,"date":"2019-09-06T14:59:51","date_gmt":"2019-09-06T14:59:51","guid":{"rendered":"https:\/\/www.nutztiergesundheit-schweiz.ch\/?page_id=1"},"modified":"2026-02-18T15:44:57","modified_gmt":"2026-02-18T14:44:57","slug":"home","status":"publish","type":"page","link":"https:\/\/www.nutztiergesundheit-schweiz.ch\/","title":{"rendered":"Home"},"content":{"rendered":"<h1><strong>Nutztiergesundheit Schweiz<br \/>(NTGS)<\/p>\n<p><\/strong><\/h1>\n<p><p>\n        <a href=\"#intro\">Mehr erfahren<\/a>\n    <\/p>\n<\/p>\n<h2>Gesunde und starke Nutztiere<\/h2>\n<div>\n<p>Die gute Gesundheit der Nutztiere geh\u00f6rt zu den Qualit\u00e4tsmerkmalen der Schweizer Landwirtschaft. Die stetige F\u00f6rderung der Tiergesundheit ist eine zentrale Aufgabe, die in der gemeinsamen Verantwortung von allen Beteiligten steht. In diesem Sinne umfasst sie nicht nur das Frei-sein-von-Krankheiten, sondern auch die Achtung von W\u00fcrde und Wohlbefinden unserer Nutztiere.<\/p>\n<\/div>\n<div>\n<p><span data-teams=\"true\">Der <strong>Verein Nutztiergesundheit Schweiz (NTGS)<\/strong> f\u00f6rdert und gestaltet als <strong>Kompetenz- und Innovationsnetzwerk (KIN)<\/strong> im Bereich Tiergesundheit auf nationaler Ebene die Zusammenarbeit zwischen Forschung sowie \u00f6ffentlichen und privaten Akteuren der Praxis.<\/span><\/p>\n<\/div>\n<ul>\n<li>\n<div>2026<\/div>\n<p>Start KIN-TG<\/p>\n<\/li>\n<li>\n<div>19<\/div>\n<p>Mitglieder<\/p>\n<\/li>\n<li>\n<div>2020<\/div>\n<p>Gr\u00fcndung NTGS<\/p>\n<\/li>\n<\/ul>\n<p><!--more--><br \/>\n<!-- {\"type\":\"layout\",\"children\":[{\"name\":\"Hero\",\"type\":\"section\",\"props\":{\"animation\":\"slide-bottom-medium\",\"animation_delay\":\"200\",\"header_transparent\":false,\"header_transparent_noplaceholder\":true,\"header_transparent_text_color\":\"light\",\"height\":\"viewport\",\"height_viewport\":75,\"image_loading\":true,\"image_parallax_bgy\":\"170,0\",\"image_position\":\"center-center\",\"image_size\":\"cover\",\"media_overlay\":\"rgba(0, 0, 0, 0.2)\",\"overlap\":true,\"padding_remove_bottom\":false,\"padding_remove_top\":false,\"style\":\"default\",\"title_breakpoint\":\"xl\",\"title_position\":\"top-left\",\"title_rotation\":\"left\",\"vertical_align\":\"middle\",\"video\":\"wp-content\\\/uploads\\\/2026\\\/02\\\/ntgs-kuehe.mp4\",\"width\":\"default\"},\"children\":[{\"type\":\"row\",\"props\":{\"margin\":\"medium\",\"margin_remove_bottom\":true,\"margin_remove_top\":false},\"children\":[{\"type\":\"column\",\"props\":{\"image_height\":\"220\",\"image_parallax_bgy\":\"230,0\",\"image_position\":\"bottom-right\",\"image_width\":\"220\",\"position_sticky_breakpoint\":\"m\",\"text_color\":\"light\",\"width_medium\":\"1-1\"},\"children\":[{\"type\":\"headline\",\"props\":{\"content\":\"<strong>Nutztiergesundheit Schweiz<br \\\/>(NTGS)<br \\\/><br \\\/><\\\/strong>\",\"content_fr_fr\":\"<strong>Sant\\u00e9 des animaux <br \\\/>de rente Suisse (NTGS)<br \\\/><br \\\/><\\\/strong>\",\"text_align\":\"center\",\"title_element\":\"h1\",\"title_style\":\"heading-medium\"}},{\"type\":\"text\",\"props\":{\"block_align\":\"center\",\"column_breakpoint\":\"m\",\"content\":\"\",\"margin\":\"medium\",\"maxwidth\":\"2xlarge\",\"text_align\":\"center\",\"text_color\":\"emphasis\",\"text_style\":\"lead\"}},{\"type\":\"button\",\"props\":{\"fullwidth\":false,\"grid_column_gap\":\"small\",\"grid_row_gap\":\"small\",\"margin\":\"default\",\"text_align\":\"center\"},\"children\":[{\"type\":\"button_item\",\"props\":{\"button_style\":\"primary\",\"content\":\"Mehr erfahren\",\"content_fr_fr\":\"Savoir plus\",\"dialog_layout\":\"modal\",\"dialog_offcanvas_flip\":true,\"icon\":\"arrow-down\",\"icon_align\":\"left\",\"link\":\"#intro\"}}]}]}]}]},{\"name\":\"Intro\",\"type\":\"section\",\"props\":{\"animation\":\"slide-bottom-small\",\"animation_delay\":\"200\",\"id\":\"intro\",\"image_effect\":\"parallax\",\"image_parallax_bgy\":\"0,100\",\"image_parallax_easing\":\"1\",\"image_position\":\"top-center\",\"padding_remove_top\":false,\"style\":\"default\",\"title_breakpoint\":\"xl\",\"title_position\":\"top-left\",\"title_rotation\":\"left\",\"vertical_align\":\"\",\"width\":\"\"},\"children\":[{\"type\":\"row\",\"props\":{\"column_gap\":\"large\",\"row_gap\":\"large\",\"width\":\"default\"},\"children\":[{\"type\":\"column\",\"props\":{\"image_position\":\"center-center\",\"position_sticky_breakpoint\":\"m\",\"width_medium\":\"1-1\"},\"children\":[{\"type\":\"headline\",\"props\":{\"block_align\":\"center\",\"content\":\"Gesunde und starke Nutztiere\",\"content_fr_fr\":\"Des animaux d\\u2019\\u00e9levage sains et robustes\",\"margin\":\"large\",\"margin_remove_bottom\":false,\"maxwidth\":\"xlarge\",\"text_align\":\"center\",\"title_element\":\"h2\",\"title_style\":\"h1\"}},{\"type\":\"text\",\"props\":{\"block_align\":\"center\",\"column_breakpoint\":\"l\",\"column_divider\":false,\"content\":\"\n\n<p>Die gute Gesundheit der Nutztiere geh\\u00f6rt zu den Qualit\\u00e4tsmerkmalen der Schweizer Landwirtschaft. Die stetige F\\u00f6rderung der Tiergesundheit ist eine zentrale Aufgabe, die in der gemeinsamen Verantwortung von allen Beteiligten steht. In diesem Sinne umfasst sie nicht nur das Frei-sein-von-Krankheiten, sondern auch die Achtung von W\\u00fcrde und Wohlbefinden unserer Nutztiere.<\\\/p>\",\"content_fr_fr\":\"\n\n<p><span>La bonne sant\\u00e9 des animaux de rente fait partie des crit\\u00e8res de qualit\\u00e9 de l'agriculture suisse. La promotion continue de la sant\\u00e9 animale est une t\\u00e2che essentielle, qui rel\\u00e8ve de la responsabilit\\u00e9 partag\\u00e9e de toutes les parties prenantes. Dans ce sens, elle englobe non seulement l'absence de maladies, mais aussi le respect de la dignit\\u00e9 et du bien-\\u00eatre de nos animaux de rente.<\\\/span><\\\/p>\",\"dropcap\":false,\"margin\":\"medium\",\"maxwidth\":\"2xlarge\",\"text_align\":\"center\"}},{\"type\":\"text\",\"props\":{\"block_align\":\"center\",\"column_breakpoint\":\"l\",\"column_divider\":false,\"content\":\"\n\n<p><span data-teams=\\\"true\\\">Der <strong>Verein Nutztiergesundheit Schweiz (NTGS)<\\\/strong> f\\u00f6rdert und gestaltet als <strong>Kompetenz- und Innovationsnetzwerk (KIN)<\\\/strong> im Bereich Tiergesundheit auf nationaler Ebene die Zusammenarbeit zwischen Forschung sowie \\u00f6ffentlichen und privaten Akteuren der Praxis.<\\\/span><\\\/p>\",\"content_fr_fr\":\"\n\n<p><strong>L\\u2019Association Animaux de rente suisses (NTGS)<\\\/strong> promeut et organise, en tant que <strong>r\\u00e9seau de comp\\u00e9tences et d\\u2019innovation (KIN)<\\\/strong> dans le domaine de la sant\\u00e9 animale, la collaboration \\u00e0 l\\u2019\\u00e9chelle nationale entre la recherche et les acteurs publics et priv\\u00e9s de la pratique.<\\\/p>\",\"dropcap\":false,\"margin\":\"medium\",\"maxwidth\":\"2xlarge\",\"text_align\":\"center\"}}]}]}]},{\"name\":\"Call to Action\",\"type\":\"section\",\"props\":{\"animation\":\"slide-bottom-small\",\"animation_delay\":\"200\",\"image_position\":\"center-center\",\"padding\":\"large\",\"padding_remove_top\":false,\"style\":\"muted\",\"title_breakpoint\":\"xl\",\"title_position\":\"top-left\",\"title_rotation\":\"left\",\"vertical_align\":\"\",\"width\":\"default\"},\"children\":[{\"type\":\"row\",\"children\":[{\"type\":\"column\",\"props\":{\"image_position\":\"center-center\",\"position_sticky_breakpoint\":\"m\",\"width_medium\":\"1-1\"},\"children\":[{\"type\":\"grid\",\"props\":{\"content_column_breakpoint\":\"m\",\"filter_align\":\"left\",\"filter_all\":true,\"filter_grid_breakpoint\":\"m\",\"filter_grid_width\":\"auto\",\"filter_position\":\"top\",\"filter_style\":\"tab\",\"grid_default\":\"1\",\"grid_medium\":\"3\",\"grid_small\":\"2\",\"icon_width\":80,\"image_align\":\"top\",\"image_grid_breakpoint\":\"m\",\"image_grid_width\":\"1-2\",\"image_svg_color\":\"emphasis\",\"item_animation\":true,\"lightbox_bg_close\":true,\"link_style\":\"default\",\"link_text\":\"Read more\",\"margin\":\"default\",\"meta_align\":\"below-title\",\"meta_color\":\"muted\",\"meta_element\":\"div\",\"meta_style\":\"\",\"panel_padding\":\"large\",\"panel_style\":\"card-primary\",\"parallax_easing\":\"1\",\"show_content\":true,\"show_hover_image\":true,\"show_hover_video\":true,\"show_image\":true,\"show_link\":true,\"show_meta\":true,\"show_title\":true,\"show_video\":true,\"text_align\":\"center\",\"title_align\":\"top\",\"title_element\":\"div\",\"title_grid_breakpoint\":\"m\",\"title_grid_width\":\"1-2\",\"title_hover_style\":\"reset\",\"title_style\":\"heading-medium\"},\"children\":[{\"type\":\"grid_item\",\"props\":{\"meta\":\"Start KIN-TG\",\"meta_fr_fr\":\"Accueil KIN-TG\",\"title\":\"2026\",\"title_fr_fr\":\"2026\"}},{\"type\":\"grid_item\",\"props\":{\"meta\":\"Mitglieder\",\"meta_fr_fr\":\"Membres\",\"title\":\"19\",\"title_fr_fr\":\"19\"}},{\"type\":\"grid_item\",\"props\":{\"meta\":\"Gr\\u00fcndung NTGS\",\"meta_fr_fr\":\"Fondation de la NTGS\",\"title\":\"2020\",\"title_fr_fr\":\"2020\"}}]}]}]}]}],\"version\":\"4.5.32\",\"yooessentialsVersion\":\"2.4.12\"} --><\/p>\n","protected":false},"excerpt":{"rendered":"<p>Nutztiergesundheit Schweiz(NTGS) Mehr erfahren Gesunde und starke Nutztiere Die gute Gesundheit der Nutztiere geh\u00f6rt zu den Qualit\u00e4tsmerkmalen der Schweizer Landwirtschaft. Die stetige F\u00f6rderung der Tiergesundheit ist eine zentrale Aufgabe, die in der gemeinsamen Verantwortung von allen Beteiligten steht. In diesem Sinne umfasst sie nicht nur das Frei-sein-von-Krankheiten, sondern auch die Achtung von W\u00fcrde und Wohlbefinden [&hellip;]<\/p>\n","protected":false},"author":1,"featured_media":0,"parent":0,"menu_order":5,"comment_status":"closed","ping_status":"closed","template":"","meta":{"_acf_changed":false,"footnotes":""},"class_list":["post-1","page","type-page","status-publish","hentry"],"acf":[],"_links":{"self":[{"href":"https:\/\/www.nutztiergesundheit-schweiz.ch\/wp-json\/wp\/v2\/pages\/1","targetHints":{"allow":["GET"]}}],"collection":[{"href":"https:\/\/www.nutztiergesundheit-schweiz.ch\/wp-json\/wp\/v2\/pages"}],"about":[{"href":"https:\/\/www.nutztiergesundheit-schweiz.ch\/wp-json\/wp\/v2\/types\/page"}],"author":[{"embeddable":true,"href":"https:\/\/www.nutztiergesundheit-schweiz.ch\/wp-json\/wp\/v2\/users\/1"}],"replies":[{"embeddable":true,"href":"https:\/\/www.nutztiergesundheit-schweiz.ch\/wp-json\/wp\/v2\/comments?post=1"}],"version-history":[{"count":90,"href":"https:\/\/www.nutztiergesundheit-schweiz.ch\/wp-json\/wp\/v2\/pages\/1\/revisions"}],"predecessor-version":[{"id":4007,"href":"https:\/\/www.nutztiergesundheit-schweiz.ch\/wp-json\/wp\/v2\/pages\/1\/revisions\/4007"}],"wp:attachment":[{"href":"https:\/\/www.nutztiergesundheit-schweiz.ch\/wp-json\/wp\/v2\/media?parent=1"}],"curies":[{"name":"wp","href":"https:\/\/api.w.org\/{rel}","templated":true}]}}